{"id":49983,"date":"2025-07-21T10:55:28","date_gmt":"2025-07-21T10:55:28","guid":{"rendered":"https:\/\/whitesoundibiza.com\/?page_id=49983"},"modified":"2025-07-21T14:06:28","modified_gmt":"2025-07-21T14:06:28","slug":"alquiler-sonido-bodas-ibiza","status":"publish","type":"page","link":"https:\/\/whitesoundibiza.com\/es\/alquiler-sonido-bodas-ibiza\/","title":{"rendered":"Alquiler de sonido para bodas Ibiza"},"content":{"rendered":"\n<div class=\"wp-block-group alignwide gizmo-container-spacing-15 is-layout-constrained wp-block-group-is-layout-constrained\" style=\"padding-top:8px\">\n<div class=\"wp-block-group alignwide is-layout-flow wp-block-group-is-layout-flow\">\n<div class=\"wp-block-columns are-vertically-aligned-top is-layout-flex wp-container-core-columns-is-layout-28f84493 wp-block-columns-is-layout-flex\">\n<div class=\"wp-block-column is-vertically-aligned-top is-layout-flow wp-block-column-is-layout-flow\" style=\"flex-basis:50%\">\n<h1 class=\"wp-block-heading\">Alquiler de sonido para bodas en Ibiza<\/h1>\n\n\n\n<p>Si buscas <strong>alquiler de sonido para bodas en Ibiza<\/strong>, acabas de encontrar tu mejor opci\u00f3n. En <em><a href=\"https:\/\/whitesoundibiza.com\/es\/\">White Sound Ibiza<\/a><\/em>ayudamos a las parejas a que su d\u00eda especial sea inolvidable con una m\u00fasica perfecta. Desde la ceremonia hasta la \u00faltima canci\u00f3n de la noche, nos aseguramos de que todo suene impecable, sea cual sea el lugar o el ambiente.  <\/p>\n\n\n\n<p>Ofrecemos <strong>servicios<\/strong> completos <strong>de alquiler de sonido para bodas<\/strong> en Ibiza, adaptados a las necesidades espec\u00edficas de cada pareja y lugar de celebraci\u00f3n. Tanto si tu celebraci\u00f3n es peque\u00f1a e \u00edntima como si es una gran fiesta con cientos de invitados, tenemos el equipo y el material necesarios para que suene perfecta. <\/p>\n\n\n\n<h2 class=\"wp-block-heading has-huge-font-size\">La banda sonora de tu boda, entregada profesionalmente<\/h2>\n\n\n\n<p>Ibiza ya es un lugar m\u00e1gico para contraer matrimonio: tu sistema de sonido debe estar a la altura de la energ\u00eda. Tanto si intercambi\u00e1is votos en un acantilado, en una villa de lujo o en un hotel boutique, el sonido debe adaptarse al espacio. Somos especialistas en <strong>sistemas de audio<\/strong> a medida <strong>para bodas en Ibiza<\/strong>, garantizando un sonido cristalino de principio a fin.  <\/p>\n\n\n\n<p>Proporcionamos:<\/p>\n\n\n\n<ul class=\"wp-block-list\">\n<li><strong>Altavoces de alta calidad<\/strong> dise\u00f1ados para uso en interiores y exteriores.<\/li>\n\n\n\n<li><strong>Micr\u00f3fonos inal\u00e1mbricos<\/strong> para oficiantes, discursos y votos.<\/li>\n\n\n\n<li><strong>Monitores y sistemas de megafon\u00eda<\/strong> para m\u00fasica en directo y sesiones de DJ.<\/li>\n\n\n\n<li>Todo el <strong>cableado, la distribuci\u00f3n de energ\u00eda y los soportes<\/strong> necesarios.<\/li>\n<\/ul>\n\n\n\n<p>Todo viene con entrega, instalaci\u00f3n y asistencia in situ opcionales, para que no tengas que preocuparte del aspecto t\u00e9cnico en tu gran d\u00eda.<\/p>\n\n\n\n<p>M\u00e1s informaci\u00f3n sobre nuestros <a href=\"https:\/\/whitesoundibiza.com\/es\/packs-de-boda\/\">paquetes de boda<\/a>.<\/p>\n<\/div>\n\n\n\n<div class=\"wp-block-column is-vertically-aligned-top is-layout-flow wp-block-column-is-layout-flow\" style=\"flex-basis:50%\">\n<figure class=\"wp-block-gallery aligncenter has-nested-images columns-default is-cropped wp-block-gallery-1 is-layout-flex wp-block-gallery-is-layout-flex\">\n<figure class=\"wp-block-image size-full has-custom-border\"><img decoding=\"async\" width=\"2560\" height=\"1440\" data-id=\"48862\" src=\"https:\/\/whitesoundibiza.com\/wp-content\/uploads\/2025\/05\/EEF91C5C-9459-4D39-8BA6-9F62FE2259B2-scaled.jpg\" alt=\"alquiler de sonido para bodas ibiza\" class=\"wp-image-48862\" style=\"border-radius:0px\" srcset=\"https:\/\/whitesoundibiza.com\/wp-content\/uploads\/2025\/05\/EEF91C5C-9459-4D39-8BA6-9F62FE2259B2-scaled.jpg 2560w, https:\/\/whitesoundibiza.com\/wp-content\/uploads\/2025\/05\/EEF91C5C-9459-4D39-8BA6-9F62FE2259B2-scaled-700x394.jpg 700w, https:\/\/whitesoundibiza.com\/wp-content\/uploads\/2025\/05\/EEF91C5C-9459-4D39-8BA6-9F62FE2259B2-300x169.jpg 300w, https:\/\/whitesoundibiza.com\/wp-content\/uploads\/2025\/05\/EEF91C5C-9459-4D39-8BA6-9F62FE2259B2-1024x576.jpg 1024w, https:\/\/whitesoundibiza.com\/wp-content\/uploads\/2025\/05\/EEF91C5C-9459-4D39-8BA6-9F62FE2259B2-768x432.jpg 768w, https:\/\/whitesoundibiza.com\/wp-content\/uploads\/2025\/05\/EEF91C5C-9459-4D39-8BA6-9F62FE2259B2-1536x864.jpg 1536w, https:\/\/whitesoundibiza.com\/wp-content\/uploads\/2025\/05\/EEF91C5C-9459-4D39-8BA6-9F62FE2259B2-2048x1152.jpg 2048w\" sizes=\"(max-width: 2560px) 100vw, 2560px\" \/><\/figure>\n\n\n\n<figure class=\"wp-block-image size-full\"><img decoding=\"async\" width=\"1920\" height=\"2560\" data-id=\"47522\" src=\"https:\/\/whitesoundibiza.com\/wp-content\/uploads\/2025\/01\/nanlite3-scaled.jpeg\" alt=\"\" class=\"wp-image-47522\" srcset=\"https:\/\/whitesoundibiza.com\/wp-content\/uploads\/2025\/01\/nanlite3-scaled.jpeg 1920w, https:\/\/whitesoundibiza.com\/wp-content\/uploads\/2025\/01\/nanlite3-scaled-700x933.jpeg 700w, https:\/\/whitesoundibiza.com\/wp-content\/uploads\/2025\/01\/nanlite3-225x300.jpeg 225w, https:\/\/whitesoundibiza.com\/wp-content\/uploads\/2025\/01\/nanlite3-768x1024.jpeg 768w, https:\/\/whitesoundibiza.com\/wp-content\/uploads\/2025\/01\/nanlite3-1152x1536.jpeg 1152w, https:\/\/whitesoundibiza.com\/wp-content\/uploads\/2025\/01\/nanlite3-1536x2048.jpeg 1536w\" sizes=\"(max-width: 1920px) 100vw, 1920px\" \/><\/figure>\n<\/figure>\n<\/div>\n<\/div>\n\n\n\n<div class=\"wp-block-columns is-layout-flex wp-container-core-columns-is-layout-28f84493 wp-block-columns-is-layout-flex\">\n<div class=\"wp-block-column is-layout-flow wp-block-column-is-layout-flow\">\n<h2 class=\"wp-block-heading has-text-align-left has-huge-font-size\">Ceremonia, cena y fiesta &#8211; lo tenemos cubierto<\/h2>\n\n\n\n<p>Nuestro equipo trabaja directamente con los organizadores de bodas o contigo personalmente para dise\u00f1ar la mejor disposici\u00f3n de audio en funci\u00f3n del lugar, el n\u00famero de invitados y el estilo del evento. Nos encargamos de la configuraci\u00f3n t\u00e9cnica al principio del d\u00eda, realizamos pruebas de sonido y estamos disponibles si nos necesitas para supervisar discursos o transiciones. <\/p>\n\n\n\n<p>No hay dos bodas iguales, y nuestros montajes tampoco. Si vas a contratar a un grupo o a un DJ, nos ajustamos a su jinete t\u00e9cnico. Y si necesitas ayuda para contratar espect\u00e1culos, tenemos contactos.  <\/p>\n<\/div>\n<\/div>\n\n\n\n<div class=\"wp-block-columns is-layout-flex wp-container-core-columns-is-layout-28f84493 wp-block-columns-is-layout-flex\">\n<div class=\"wp-block-column is-layout-flow wp-block-column-is-layout-flow\">\n<h2 class=\"wp-block-heading has-text-align-left has-huge-font-size\">C\u00f3mo funciona<\/h2>\n\n\n\n<ol class=\"wp-block-list\">\n<li><strong>Llamada de presentaci\u00f3n y planificaci\u00f3n:<\/strong> Hablamos de tu visi\u00f3n, calendario y requisitos del lugar.<\/li>\n\n\n\n<li><strong>Propuesta de evento:<\/strong> Recibes un presupuesto claro en el que se describen los servicios musicales, el equipo y el apoyo.<\/li>\n\n\n\n<li><strong>Coordinaci\u00f3n previa al evento:<\/strong> Revisi\u00f3n final de la lista de reproducci\u00f3n y planificaci\u00f3n de la log\u00edstica in situ.<\/li>\n\n\n\n<li><strong>Ejecuci\u00f3n durante el d\u00eda:<\/strong> Nuestro equipo llega pronto, se instala discretamente y gestiona la m\u00fasica a la perfecci\u00f3n de principio a fin.<\/li>\n\n\n\n<li><strong>Seguimiento posterior al evento:<\/strong> Recopilamos opiniones y entregamos las grabaciones m\u00e1s destacadas (si se solicitan).<\/li>\n<\/ol>\n\n\n\n<p>Con White Sound Ibiza a cargo de tu servicio de DJ, tendr\u00e1s la tranquilidad de saber que cada ritmo, transici\u00f3n y detalle t\u00e9cnico est\u00e1 en manos expertas, para que puedas disfrutar de tu celebraci\u00f3n sin preocuparte de nada.<\/p>\n\n\n\n<h2 class=\"wp-block-heading has-text-align-left has-huge-font-size\">D\u00e9janos sonorizar tu boda<\/h2>\n\n\n\n<p>Hemos trabajado en los mejores lugares de Ibiza: beach clubs, villas, fincas rurales y hoteles. Y como hemos celebrado cientos de bodas, sabemos exactamente qu\u00e9 puede salir mal y c\u00f3mo evitarlo. <\/p>\n\n\n\n<p>S\u00f3lo utilizamos <strong>marcas de confianza<\/strong>, equipos profesionales y lo probamos todo antes de que llegue a tus manos.<\/p>\n\n\n<div class=\"wpforms-container wpforms-container-full wpforms-block wpforms-block-bbfeac82-13e8-4c8b-8798-49772687556a wpforms-render-modern\" id=\"wpforms-46875\"><form id=\"wpforms-form-46875\" class=\"wpforms-validate wpforms-form wpforms-ajax-form\" data-formid=\"46875\" method=\"post\" enctype=\"multipart\/form-data\" action=\"\/es\/wp-json\/wp\/v2\/pages\/49983\" data-token=\"ac59de1b2a772813bb452057c9434c84\" data-token-time=\"1776954275\"><noscript class=\"wpforms-error-noscript\">Por favor, activa JavaScript en tu navegador para completar este formulario.<\/noscript><div id=\"wpforms-error-noscript\" style=\"display: none;\">Por favor, activa JavaScript en tu navegador para completar este formulario.<\/div><div class=\"wpforms-field-container\"><div id=\"wpforms-46875-field_1-container\" class=\"wpforms-field wpforms-field-name\" data-field-id=\"1\"><fieldset><legend class=\"wpforms-field-label\">Name <span class=\"wpforms-required-label\" aria-hidden=\"true\">*<\/span><\/legend><div class=\"wpforms-field-row wpforms-field-medium\"><div class=\"wpforms-field-row-block wpforms-first wpforms-one-half\"><input type=\"text\" id=\"wpforms-46875-field_1\" class=\"wpforms-field-name-first wpforms-field-required\" name=\"wpforms[fields][1][first]\" placeholder=\"First\" aria-errormessage=\"wpforms-46875-field_1-error\" required><label for=\"wpforms-46875-field_1\" class=\"wpforms-field-sublabel after wpforms-sublabel-hide\">First<\/label><\/div><div class=\"wpforms-field-row-block wpforms-one-half\"><input type=\"text\" id=\"wpforms-46875-field_1-last\" class=\"wpforms-field-name-last wpforms-field-required\" name=\"wpforms[fields][1][last]\" placeholder=\"Last\" aria-errormessage=\"wpforms-46875-field_1-last-error\" required><label for=\"wpforms-46875-field_1-last\" class=\"wpforms-field-sublabel after wpforms-sublabel-hide\">Last<\/label><\/div><\/div><\/fieldset><\/div><div id=\"wpforms-46875-field_8-container\" class=\"wpforms-field wpforms-field-layout\" data-field-id=\"8\"><div class=\"wpforms-field-layout-rows wpforms-field-large\"><div class=\"wpforms-layout-row\"><div class=\"wpforms-layout-column wpforms-layout-column-50\"><div id=\"wpforms-46875-field_2-container\" class=\"wpforms-field wpforms-field-email\" data-field-id=\"2\"><label class=\"wpforms-field-label\" for=\"wpforms-46875-field_2\">Email <span class=\"wpforms-required-label\" aria-hidden=\"true\">*<\/span><\/label><input type=\"email\" id=\"wpforms-46875-field_2\" class=\"wpforms-field-medium wpforms-field-required\" name=\"wpforms[fields][2]\" placeholder=\"Email\" spellcheck=\"false\" aria-errormessage=\"wpforms-46875-field_2-error\" required><\/div><\/div><div class=\"wpforms-layout-column wpforms-layout-column-50\"><div id=\"wpforms-46875-field_7-container\" class=\"wpforms-field wpforms-field-phone\" data-field-id=\"7\"><label class=\"wpforms-field-label\" for=\"wpforms-46875-field_7\">Tel\u00e9fono<\/label><input type=\"tel\" id=\"wpforms-46875-field_7\" class=\"wpforms-field-small wpforms-smart-phone-field\" data-rule-smart-phone-field=\"true\" name=\"wpforms[fields][7]\" placeholder=\"Phone\" aria-label=\"Tel\u00e9fono\" aria-errormessage=\"wpforms-46875-field_7-error\" ><\/div><\/div><\/div><\/div><\/div>\t\t<div id=\"wpforms-46875-field_4-container\"\n\t\t\tclass=\"wpforms-field wpforms-field-text\"\n\t\t\tdata-field-type=\"text\"\n\t\t\tdata-field-id=\"4\"\n\t\t\t>\n\t\t\t<label class=\"wpforms-field-label\" for=\"wpforms-46875-field_4\" >Tel\u00e9fono Name Dise\u00f1o<\/label>\n\t\t\t<input type=\"text\" id=\"wpforms-46875-field_4\" class=\"wpforms-field-medium\" name=\"wpforms[fields][4]\" >\n\t\t<\/div>\n\t\t<div id=\"wpforms-46875-field_3-container\" class=\"wpforms-field wpforms-field-textarea\" data-field-id=\"3\"><label class=\"wpforms-field-label\" for=\"wpforms-46875-field_3\">Message<\/label><textarea id=\"wpforms-46875-field_3\" class=\"wpforms-field-small\" name=\"wpforms[fields][3]\" placeholder=\"Message\" aria-errormessage=\"wpforms-46875-field_3-error\" >How we can help you?<\/textarea><\/div><script>\n\t\t\t\t( function() {\n\t\t\t\t\tconst style = document.createElement( 'style' );\n\t\t\t\t\tstyle.appendChild( document.createTextNode( '#wpforms-46875-field_4-container { position: absolute !important; overflow: hidden !important; display: inline !important; height: 1px !important; width: 1px !important; z-index: -1000 !important; padding: 0 !important; } #wpforms-46875-field_4-container input { visibility: hidden; } #wpforms-conversational-form-page #wpforms-46875-field_4-container label { counter-increment: none; }' ) );\n\t\t\t\t\tdocument.head.appendChild( style );\n\t\t\t\t\tdocument.currentScript?.remove();\n\t\t\t\t} )();\n\t\t\t<\/script><\/div><!-- .wpforms-field-container --><div class=\"wpforms-recaptcha-container wpforms-is-recaptcha wpforms-is-recaptcha-type-v2\" ><div class=\"g-recaptcha\" data-sitekey=\"6LeS7gEkAAAAAO-EsXRwxTakHs6Q_9Z0rQYHkIS5\"><\/div><input type=\"text\" name=\"g-recaptcha-hidden\" class=\"wpforms-recaptcha-hidden\" style=\"position:absolute!important;clip:rect(0,0,0,0)!important;height:1px!important;width:1px!important;border:0!important;overflow:hidden!important;padding:0!important;margin:0!important;\" data-rule-recaptcha=\"1\"><\/div><div class=\"wpforms-submit-container\" ><input type=\"hidden\" name=\"wpforms[id]\" value=\"46875\"><input type=\"hidden\" name=\"page_title\" value=\"\"><input type=\"hidden\" name=\"page_url\" value=\"https:\/\/whitesoundibiza.com\/es\/wp-json\/wp\/v2\/pages\/49983\"><input type=\"hidden\" name=\"url_referer\" value=\"\"><button type=\"submit\" name=\"wpforms[submit]\" id=\"wpforms-submit-46875\" class=\"wpforms-submit\" data-alt-text=\"Sending...\" data-submit-text=\"Send Message\" aria-live=\"assertive\" value=\"wpforms-submit\">Send Message<\/button><img decoding=\"async\" src=\"https:\/\/whitesoundibiza.com\/wp-content\/plugins\/wpforms\/assets\/images\/submit-spin.svg\" class=\"wpforms-submit-spinner\" style=\"display: none;\" width=\"26\" height=\"26\" alt=\"Cargando\"><\/div><\/form><\/div>  <!-- .wpforms-container --><\/div>\n<\/div>\n<\/div>\n\n\n\n<div style=\"height:68px\" aria-hidden=\"true\" class=\"wp-block-spacer\"><\/div>\n\n\n\n<div class=\"wp-block-columns is-layout-flex wp-container-core-columns-is-layout-28f84493 wp-block-columns-is-layout-flex\">\n<div class=\"wp-block-column is-layout-flow wp-block-column-is-layout-flow\"><\/div>\n<\/div>\n<\/div>\n","protected":false},"excerpt":{"rendered":"<p>Alquiler de sonido para bodas en Ibiza Si buscas alquiler de sonido para bodas en Ibiza, acabas de encontrar tu mejor opci\u00f3n. En White Sound [&hellip;]<\/p>\n","protected":false},"author":8,"featured_media":47908,"parent":0,"menu_order":0,"comment_status":"closed","ping_status":"closed","template":"","meta":{"_joinchat":[],"footnotes":""},"class_list":["post-49983","page","type-page","status-publish","has-post-thumbnail","hentry"],"yoast_head":"<!-- This site is optimized with the Yoast SEO plugin v27.4 - https:\/\/yoast.com\/product\/yoast-seo-wordpress\/ -->\n<title>Alquiler de sonido para bodas en Ibiza | White Sound<\/title>\n<meta name=\"description\" content=\"Reserva el alquiler de sonido para tu boda en Ibiza. Sistemas de megafon\u00eda, micr\u00f3fonos inal\u00e1mbricos, alquiler de altavoces y montaje completo y asistencia para tu gran d\u00eda.\" \/>\n<meta name=\"robots\" content=\"index, follow, max-snippet:-1, max-image-preview:large, max-video-preview:-1\" \/>\n<link rel=\"canonical\" href=\"https:\/\/whitesoundibiza.com\/es\/alquiler-sonido-bodas-ibiza\/\" \/>\n<meta property=\"og:locale\" content=\"es_ES\" \/>\n<meta property=\"og:type\" content=\"article\" \/>\n<meta property=\"og:title\" content=\"Alquiler de sonido para bodas en Ibiza | White Sound\" \/>\n<meta property=\"og:description\" content=\"Reserva el alquiler de sonido para tu boda en Ibiza. Sistemas de megafon\u00eda, micr\u00f3fonos inal\u00e1mbricos, alquiler de altavoces y montaje completo y asistencia para tu gran d\u00eda.\" \/>\n<meta property=\"og:url\" content=\"https:\/\/whitesoundibiza.com\/es\/alquiler-sonido-bodas-ibiza\/\" \/>\n<meta property=\"og:site_name\" content=\"White Sound Ibiza - Delivering Fun\" \/>\n<meta property=\"article:modified_time\" content=\"2025-07-21T14:06:28+00:00\" \/>\n<meta property=\"og:image\" content=\"https:\/\/whitesoundibiza.com\/wp-content\/uploads\/2024\/01\/Captura-de-pantalla-2023-01-25-a-las-18.00.20.png\" \/>\n\t<meta property=\"og:image:width\" content=\"2190\" \/>\n\t<meta property=\"og:image:height\" content=\"1460\" \/>\n\t<meta property=\"og:image:type\" content=\"image\/png\" \/>\n<meta name=\"twitter:card\" content=\"summary_large_image\" \/>\n<meta name=\"twitter:label1\" content=\"Tiempo de lectura\" \/>\n\t<meta name=\"twitter:data1\" content=\"4 minutos\" \/>\n<script type=\"application\/ld+json\" class=\"yoast-schema-graph\">{\"@context\":\"https:\\\/\\\/schema.org\",\"@graph\":[{\"@type\":\"WebPage\",\"@id\":\"https:\\\/\\\/whitesoundibiza.com\\\/es\\\/alquiler-sonido-bodas-ibiza\\\/\",\"url\":\"https:\\\/\\\/whitesoundibiza.com\\\/es\\\/alquiler-sonido-bodas-ibiza\\\/\",\"name\":\"Alquiler de sonido para bodas en Ibiza | White Sound\",\"isPartOf\":{\"@id\":\"https:\\\/\\\/whitesoundibiza.com\\\/es\\\/#website\"},\"primaryImageOfPage\":{\"@id\":\"https:\\\/\\\/whitesoundibiza.com\\\/es\\\/alquiler-sonido-bodas-ibiza\\\/#primaryimage\"},\"image\":{\"@id\":\"https:\\\/\\\/whitesoundibiza.com\\\/es\\\/alquiler-sonido-bodas-ibiza\\\/#primaryimage\"},\"thumbnailUrl\":\"https:\\\/\\\/whitesoundibiza.com\\\/wp-content\\\/uploads\\\/2024\\\/01\\\/Captura-de-pantalla-2023-01-25-a-las-18.00.20.png\",\"datePublished\":\"2025-07-21T10:55:28+00:00\",\"dateModified\":\"2025-07-21T14:06:28+00:00\",\"description\":\"Reserva el alquiler de sonido para tu boda en Ibiza. Sistemas de megafon\u00eda, micr\u00f3fonos inal\u00e1mbricos, alquiler de altavoces y montaje completo y asistencia para tu gran d\u00eda.\",\"breadcrumb\":{\"@id\":\"https:\\\/\\\/whitesoundibiza.com\\\/es\\\/alquiler-sonido-bodas-ibiza\\\/#breadcrumb\"},\"inLanguage\":\"es\",\"potentialAction\":[{\"@type\":\"ReadAction\",\"target\":[\"https:\\\/\\\/whitesoundibiza.com\\\/es\\\/alquiler-sonido-bodas-ibiza\\\/\"]}]},{\"@type\":\"ImageObject\",\"inLanguage\":\"es\",\"@id\":\"https:\\\/\\\/whitesoundibiza.com\\\/es\\\/alquiler-sonido-bodas-ibiza\\\/#primaryimage\",\"url\":\"https:\\\/\\\/whitesoundibiza.com\\\/wp-content\\\/uploads\\\/2024\\\/01\\\/Captura-de-pantalla-2023-01-25-a-las-18.00.20.png\",\"contentUrl\":\"https:\\\/\\\/whitesoundibiza.com\\\/wp-content\\\/uploads\\\/2024\\\/01\\\/Captura-de-pantalla-2023-01-25-a-las-18.00.20.png\",\"width\":2190,\"height\":1460},{\"@type\":\"BreadcrumbList\",\"@id\":\"https:\\\/\\\/whitesoundibiza.com\\\/es\\\/alquiler-sonido-bodas-ibiza\\\/#breadcrumb\",\"itemListElement\":[{\"@type\":\"ListItem\",\"position\":1,\"name\":\"Portada\",\"item\":\"https:\\\/\\\/whitesoundibiza.com\\\/es\\\/\"},{\"@type\":\"ListItem\",\"position\":2,\"name\":\"Alquiler de sonido para bodas Ibiza\"}]},{\"@type\":\"WebSite\",\"@id\":\"https:\\\/\\\/whitesoundibiza.com\\\/es\\\/#website\",\"url\":\"https:\\\/\\\/whitesoundibiza.com\\\/es\\\/\",\"name\":\"White Sound Ibiza\",\"description\":\"Rent Speakers in Ibiza\",\"publisher\":{\"@id\":\"https:\\\/\\\/whitesoundibiza.com\\\/es\\\/#organization\"},\"potentialAction\":[{\"@type\":\"SearchAction\",\"target\":{\"@type\":\"EntryPoint\",\"urlTemplate\":\"https:\\\/\\\/whitesoundibiza.com\\\/es\\\/?s={search_term_string}\"},\"query-input\":{\"@type\":\"PropertyValueSpecification\",\"valueRequired\":true,\"valueName\":\"search_term_string\"}}],\"inLanguage\":\"es\"},{\"@type\":\"Organization\",\"@id\":\"https:\\\/\\\/whitesoundibiza.com\\\/es\\\/#organization\",\"name\":\"White Sound Ibiza\",\"url\":\"https:\\\/\\\/whitesoundibiza.com\\\/es\\\/\",\"logo\":{\"@type\":\"ImageObject\",\"inLanguage\":\"es\",\"@id\":\"https:\\\/\\\/whitesoundibiza.com\\\/es\\\/#\\\/schema\\\/logo\\\/image\\\/\",\"url\":\"https:\\\/\\\/whitesoundibiza.com\\\/wp-content\\\/uploads\\\/2025\\\/05\\\/ws_logo.jpg\",\"contentUrl\":\"https:\\\/\\\/whitesoundibiza.com\\\/wp-content\\\/uploads\\\/2025\\\/05\\\/ws_logo.jpg\",\"width\":800,\"height\":235,\"caption\":\"White Sound Ibiza\"},\"image\":{\"@id\":\"https:\\\/\\\/whitesoundibiza.com\\\/es\\\/#\\\/schema\\\/logo\\\/image\\\/\"}}]}<\/script>\n<!-- \/ Yoast SEO plugin. -->","yoast_head_json":{"title":"Alquiler de sonido para bodas en Ibiza | White Sound","description":"Reserva el alquiler de sonido para tu boda en Ibiza. Sistemas de megafon\u00eda, micr\u00f3fonos inal\u00e1mbricos, alquiler de altavoces y montaje completo y asistencia para tu gran d\u00eda.","robots":{"index":"index","follow":"follow","max-snippet":"max-snippet:-1","max-image-preview":"max-image-preview:large","max-video-preview":"max-video-preview:-1"},"canonical":"https:\/\/whitesoundibiza.com\/es\/alquiler-sonido-bodas-ibiza\/","og_locale":"es_ES","og_type":"article","og_title":"Alquiler de sonido para bodas en Ibiza | White Sound","og_description":"Reserva el alquiler de sonido para tu boda en Ibiza. Sistemas de megafon\u00eda, micr\u00f3fonos inal\u00e1mbricos, alquiler de altavoces y montaje completo y asistencia para tu gran d\u00eda.","og_url":"https:\/\/whitesoundibiza.com\/es\/alquiler-sonido-bodas-ibiza\/","og_site_name":"White Sound Ibiza - Delivering Fun","article_modified_time":"2025-07-21T14:06:28+00:00","og_image":[{"width":2190,"height":1460,"url":"https:\/\/whitesoundibiza.com\/wp-content\/uploads\/2024\/01\/Captura-de-pantalla-2023-01-25-a-las-18.00.20.png","type":"image\/png"}],"twitter_card":"summary_large_image","twitter_misc":{"Tiempo de lectura":"4 minutos"},"schema":{"@context":"https:\/\/schema.org","@graph":[{"@type":"WebPage","@id":"https:\/\/whitesoundibiza.com\/es\/alquiler-sonido-bodas-ibiza\/","url":"https:\/\/whitesoundibiza.com\/es\/alquiler-sonido-bodas-ibiza\/","name":"Alquiler de sonido para bodas en Ibiza | White Sound","isPartOf":{"@id":"https:\/\/whitesoundibiza.com\/es\/#website"},"primaryImageOfPage":{"@id":"https:\/\/whitesoundibiza.com\/es\/alquiler-sonido-bodas-ibiza\/#primaryimage"},"image":{"@id":"https:\/\/whitesoundibiza.com\/es\/alquiler-sonido-bodas-ibiza\/#primaryimage"},"thumbnailUrl":"https:\/\/whitesoundibiza.com\/wp-content\/uploads\/2024\/01\/Captura-de-pantalla-2023-01-25-a-las-18.00.20.png","datePublished":"2025-07-21T10:55:28+00:00","dateModified":"2025-07-21T14:06:28+00:00","description":"Reserva el alquiler de sonido para tu boda en Ibiza. Sistemas de megafon\u00eda, micr\u00f3fonos inal\u00e1mbricos, alquiler de altavoces y montaje completo y asistencia para tu gran d\u00eda.","breadcrumb":{"@id":"https:\/\/whitesoundibiza.com\/es\/alquiler-sonido-bodas-ibiza\/#breadcrumb"},"inLanguage":"es","potentialAction":[{"@type":"ReadAction","target":["https:\/\/whitesoundibiza.com\/es\/alquiler-sonido-bodas-ibiza\/"]}]},{"@type":"ImageObject","inLanguage":"es","@id":"https:\/\/whitesoundibiza.com\/es\/alquiler-sonido-bodas-ibiza\/#primaryimage","url":"https:\/\/whitesoundibiza.com\/wp-content\/uploads\/2024\/01\/Captura-de-pantalla-2023-01-25-a-las-18.00.20.png","contentUrl":"https:\/\/whitesoundibiza.com\/wp-content\/uploads\/2024\/01\/Captura-de-pantalla-2023-01-25-a-las-18.00.20.png","width":2190,"height":1460},{"@type":"BreadcrumbList","@id":"https:\/\/whitesoundibiza.com\/es\/alquiler-sonido-bodas-ibiza\/#breadcrumb","itemListElement":[{"@type":"ListItem","position":1,"name":"Portada","item":"https:\/\/whitesoundibiza.com\/es\/"},{"@type":"ListItem","position":2,"name":"Alquiler de sonido para bodas Ibiza"}]},{"@type":"WebSite","@id":"https:\/\/whitesoundibiza.com\/es\/#website","url":"https:\/\/whitesoundibiza.com\/es\/","name":"White Sound Ibiza","description":"Rent Speakers in Ibiza","publisher":{"@id":"https:\/\/whitesoundibiza.com\/es\/#organization"},"potentialAction":[{"@type":"SearchAction","target":{"@type":"EntryPoint","urlTemplate":"https:\/\/whitesoundibiza.com\/es\/?s={search_term_string}"},"query-input":{"@type":"PropertyValueSpecification","valueRequired":true,"valueName":"search_term_string"}}],"inLanguage":"es"},{"@type":"Organization","@id":"https:\/\/whitesoundibiza.com\/es\/#organization","name":"White Sound Ibiza","url":"https:\/\/whitesoundibiza.com\/es\/","logo":{"@type":"ImageObject","inLanguage":"es","@id":"https:\/\/whitesoundibiza.com\/es\/#\/schema\/logo\/image\/","url":"https:\/\/whitesoundibiza.com\/wp-content\/uploads\/2025\/05\/ws_logo.jpg","contentUrl":"https:\/\/whitesoundibiza.com\/wp-content\/uploads\/2025\/05\/ws_logo.jpg","width":800,"height":235,"caption":"White Sound Ibiza"},"image":{"@id":"https:\/\/whitesoundibiza.com\/es\/#\/schema\/logo\/image\/"}}]}},"_links":{"self":[{"href":"https:\/\/whitesoundibiza.com\/es\/wp-json\/wp\/v2\/pages\/49983","targetHints":{"allow":["GET"]}}],"collection":[{"href":"https:\/\/whitesoundibiza.com\/es\/wp-json\/wp\/v2\/pages"}],"about":[{"href":"https:\/\/whitesoundibiza.com\/es\/wp-json\/wp\/v2\/types\/page"}],"author":[{"embeddable":true,"href":"https:\/\/whitesoundibiza.com\/es\/wp-json\/wp\/v2\/users\/8"}],"replies":[{"embeddable":true,"href":"https:\/\/whitesoundibiza.com\/es\/wp-json\/wp\/v2\/comments?post=49983"}],"version-history":[{"count":0,"href":"https:\/\/whitesoundibiza.com\/es\/wp-json\/wp\/v2\/pages\/49983\/revisions"}],"wp:featuredmedia":[{"embeddable":true,"href":"https:\/\/whitesoundibiza.com\/es\/wp-json\/wp\/v2\/media\/47908"}],"wp:attachment":[{"href":"https:\/\/whitesoundibiza.com\/es\/wp-json\/wp\/v2\/media?parent=49983"}],"curies":[{"name":"wp","href":"https:\/\/api.w.org\/{rel}","templated":true}]}}