{"id":49570,"date":"2025-05-20T17:06:02","date_gmt":"2025-05-20T17:06:02","guid":{"rendered":"https:\/\/whitesoundibiza.com\/?page_id=49570"},"modified":"2025-07-04T15:33:15","modified_gmt":"2025-07-04T15:33:15","slug":"sistema-de-sonido-5","status":"publish","type":"page","link":"https:\/\/whitesoundibiza.com\/es\/sistema-de-sonido-5\/","title":{"rendered":"Servicio de DJ en streaming"},"content":{"rendered":"\n<div class=\"wp-block-group alignwide gizmo-container-spacing-15 is-layout-constrained wp-block-group-is-layout-constrained\" style=\"padding-top:8px\">\n<div class=\"wp-block-group alignwide is-layout-flow wp-block-group-is-layout-flow\">\n<div class=\"wp-block-columns is-layout-flex wp-container-core-columns-is-layout-28f84493 wp-block-columns-is-layout-flex\">\n<div class=\"wp-block-column is-vertically-aligned-top is-layout-flow wp-block-column-is-layout-flow\" style=\"flex-basis:50%\">\n<h2 class=\"wp-block-heading has-text-align-left has-huge-font-size\">Servicio DJ<\/h2>\n\n\n\n<p>Convierte tu ocasi\u00f3n especial en una celebraci\u00f3n inolvidable con el servicio de DJ de White Sound Ibiza, dise\u00f1ado espec\u00edficamente para bodas, eventos privados y fiestas exclusivas en villas de la isla.<\/p>\n\n\n\n<h2 class=\"wp-block-heading has-large-font-size\">Bodas<\/h2>\n\n\n\n<p>Desde el momento en que concluye la ceremonia hasta el \u00faltimo baile de la noche, creamos un viaje musical perfecto que refleja tu estilo y tu historia. Nuestro equipo trabaja estrechamente contigo para crear una lista de reproducci\u00f3n personalizada -desde la canci\u00f3n con la que pasar\u00e9is por el altar hasta el primer baile perfecto- que garantice que cada momento est\u00e9 marcado por la emoci\u00f3n y el ritmo. <\/p>\n\n\n\n<h2 class=\"wp-block-heading has-large-font-size\">Eventos privados<\/h2>\n\n\n\n<p>Ya sea un cumplea\u00f1os importante, una cena de aniversario o una recepci\u00f3n corporativa, nuestro Servicio de DJ transforma cualquier lugar en un ambiente vibrante y lleno de energ\u00eda. Nos encargamos de la selecci\u00f3n de la m\u00fasica, los tiempos y los niveles de volumen, para que puedas centrarte en ser el anfitri\u00f3n mientras nosotros mantenemos a tus invitados enganchados con la banda sonora adecuada en cada momento: hora del c\u00f3ctel, cena y fiesta posterior. <\/p>\n<\/div>\n\n\n\n<div class=\"wp-block-column is-vertically-aligned-bottom is-layout-flow wp-block-column-is-layout-flow\" style=\"flex-basis:50%\">\n<figure class=\"wp-block-image aligncenter size-full is-resized has-custom-border\"><img decoding=\"async\" width=\"1111\" height=\"1481\" src=\"https:\/\/whitesoundibiza.com\/wp-content\/uploads\/2025\/05\/Mario_Pinta_ODrive_DonPatricio_20.04.02.2023-13-edited-1.jpg\" alt=\"Pere Navarro y Antonio Blackstad EN DIRECTO\" class=\"wp-image-49548\" style=\"border-radius:0px;width:447px;height:auto\" srcset=\"https:\/\/whitesoundibiza.com\/wp-content\/uploads\/2025\/05\/Mario_Pinta_ODrive_DonPatricio_20.04.02.2023-13-edited-1.jpg 1111w, https:\/\/whitesoundibiza.com\/wp-content\/uploads\/2025\/05\/Mario_Pinta_ODrive_DonPatricio_20.04.02.2023-13-edited-1-700x933.jpg 700w, https:\/\/whitesoundibiza.com\/wp-content\/uploads\/2025\/05\/Mario_Pinta_ODrive_DonPatricio_20.04.02.2023-13-edited-1-225x300.jpg 225w, https:\/\/whitesoundibiza.com\/wp-content\/uploads\/2025\/05\/Mario_Pinta_ODrive_DonPatricio_20.04.02.2023-13-edited-1-768x1024.jpg 768w\" sizes=\"(max-width: 1111px) 100vw, 1111px\" \/><\/figure>\n<\/div>\n<\/div>\n\n\n\n<div class=\"wp-block-columns is-layout-flex wp-container-core-columns-is-layout-28f84493 wp-block-columns-is-layout-flex\">\n<div class=\"wp-block-column is-layout-flow wp-block-column-is-layout-flow\">\n<h2 class=\"wp-block-heading has-text-align-left has-huge-font-size\">Qu\u00e9 incluye<\/h2>\n\n\n\n<ul class=\"wp-block-list\">\n<li><strong>Selecci\u00f3n musical personalizada:<\/strong> Consultamos con antelaci\u00f3n para captar tus gustos musicales y el ritmo del evento.<\/li>\n\n\n\n<li><strong>Sistema de sonido avanzado:<\/strong> Altavoces, subwoofers y monitores de primera calidad adaptados a tu espacio para una cobertura pr\u00edstina y uniforme.<\/li>\n\n\n\n<li><strong>Asistencia t\u00e9cnica in situ:<\/strong> Montaje completo, prueba de sonido y mezcla en directo a cargo de nuestros experimentados ingenieros.<\/li>\n\n\n\n<li><strong>Sincronizaci\u00f3n de estado de \u00e1nimo e iluminaci\u00f3n:<\/strong> Coordina tus canciones con la iluminaci\u00f3n ambiental (complemento opcional) para una experiencia realmente envolvente.<\/li>\n\n\n\n<li><strong>Horarios flexibles:<\/strong> Desde recepciones \u00edntimas de dos horas hasta celebraciones que duran toda la noche, adaptamos nuestro servicio a tu horario.<\/li>\n<\/ul>\n<\/div>\n<\/div>\n\n\n\n<div class=\"wp-block-columns is-layout-flex wp-container-core-columns-is-layout-28f84493 wp-block-columns-is-layout-flex\">\n<div class=\"wp-block-column is-layout-flow wp-block-column-is-layout-flow\">\n<h2 class=\"wp-block-heading has-text-align-left has-huge-font-size\">C\u00f3mo funciona<\/h2>\n\n\n\n<ol class=\"wp-block-list\">\n<li><strong>Llamada de presentaci\u00f3n y planificaci\u00f3n:<\/strong> Hablamos de tu visi\u00f3n, calendario y requisitos del lugar.<\/li>\n\n\n\n<li><strong>Propuesta de evento:<\/strong> Recibes un presupuesto claro en el que se describen los servicios musicales, el equipo y el apoyo.<\/li>\n\n\n\n<li><strong>Coordinaci\u00f3n previa al evento:<\/strong> Revisi\u00f3n final de la lista de reproducci\u00f3n y planificaci\u00f3n de la log\u00edstica in situ.<\/li>\n\n\n\n<li><strong>Ejecuci\u00f3n durante el d\u00eda:<\/strong> Nuestro equipo llega pronto, se instala discretamente y gestiona la m\u00fasica a la perfecci\u00f3n de principio a fin.<\/li>\n\n\n\n<li><strong>Seguimiento posterior al evento:<\/strong> Recopilamos opiniones y entregamos las grabaciones m\u00e1s destacadas (si se solicitan).<\/li>\n<\/ol>\n\n\n\n<p>Con White Sound Ibiza a cargo de tu servicio de DJ, tendr\u00e1s la tranquilidad de saber que cada ritmo, transici\u00f3n y detalle t\u00e9cnico est\u00e1 en manos expertas, para que puedas disfrutar de tu celebraci\u00f3n sin preocuparte de nada.<\/p>\n\n\n\n<h2 class=\"wp-block-heading has-text-align-left has-huge-font-size\">D\u00e9janos sonorizar tu evento<\/h2>\n\n\n<div class=\"wpforms-container wpforms-container-full wpforms-block wpforms-block-bbfeac82-13e8-4c8b-8798-49772687556a wpforms-render-modern\" id=\"wpforms-46875\"><form id=\"wpforms-form-46875\" class=\"wpforms-validate wpforms-form wpforms-ajax-form\" data-formid=\"46875\" method=\"post\" enctype=\"multipart\/form-data\" action=\"\/es\/wp-json\/wp\/v2\/pages\/49570\" data-token=\"33c4eeea240cd19066ab97063c213e30\" data-token-time=\"1776397029\"><noscript class=\"wpforms-error-noscript\">Por favor, activa JavaScript en tu navegador para completar este formulario.<\/noscript><div id=\"wpforms-error-noscript\" style=\"display: none;\">Por favor, activa JavaScript en tu navegador para completar este formulario.<\/div><div class=\"wpforms-field-container\"><div id=\"wpforms-46875-field_1-container\" class=\"wpforms-field wpforms-field-name\" data-field-id=\"1\"><fieldset><legend class=\"wpforms-field-label\">Name <span class=\"wpforms-required-label\" aria-hidden=\"true\">*<\/span><\/legend><div class=\"wpforms-field-row wpforms-field-medium\"><div class=\"wpforms-field-row-block wpforms-first wpforms-one-half\"><input type=\"text\" id=\"wpforms-46875-field_1\" class=\"wpforms-field-name-first wpforms-field-required\" name=\"wpforms[fields][1][first]\" placeholder=\"First\" aria-errormessage=\"wpforms-46875-field_1-error\" required><label for=\"wpforms-46875-field_1\" class=\"wpforms-field-sublabel after wpforms-sublabel-hide\">First<\/label><\/div><div class=\"wpforms-field-row-block wpforms-one-half\"><input type=\"text\" id=\"wpforms-46875-field_1-last\" class=\"wpforms-field-name-last wpforms-field-required\" name=\"wpforms[fields][1][last]\" placeholder=\"Last\" aria-errormessage=\"wpforms-46875-field_1-last-error\" required><label for=\"wpforms-46875-field_1-last\" class=\"wpforms-field-sublabel after wpforms-sublabel-hide\">Last<\/label><\/div><\/div><\/fieldset><\/div><div id=\"wpforms-46875-field_8-container\" class=\"wpforms-field wpforms-field-layout\" data-field-id=\"8\"><div class=\"wpforms-field-layout-rows wpforms-field-large\"><div class=\"wpforms-layout-row\"><div class=\"wpforms-layout-column wpforms-layout-column-50\"><div id=\"wpforms-46875-field_2-container\" class=\"wpforms-field wpforms-field-email\" data-field-id=\"2\"><label class=\"wpforms-field-label\" for=\"wpforms-46875-field_2\">Email <span class=\"wpforms-required-label\" aria-hidden=\"true\">*<\/span><\/label><input type=\"email\" id=\"wpforms-46875-field_2\" class=\"wpforms-field-medium wpforms-field-required\" name=\"wpforms[fields][2]\" placeholder=\"Email\" spellcheck=\"false\" aria-errormessage=\"wpforms-46875-field_2-error\" required><\/div><\/div><div class=\"wpforms-layout-column wpforms-layout-column-50\"><div id=\"wpforms-46875-field_7-container\" class=\"wpforms-field wpforms-field-phone\" data-field-id=\"7\"><label class=\"wpforms-field-label\" for=\"wpforms-46875-field_7\">Tel\u00e9fono<\/label><input type=\"tel\" id=\"wpforms-46875-field_7\" class=\"wpforms-field-small wpforms-smart-phone-field\" data-rule-smart-phone-field=\"true\" name=\"wpforms[fields][7]\" placeholder=\"Phone\" aria-label=\"Tel\u00e9fono\" aria-errormessage=\"wpforms-46875-field_7-error\" ><\/div><\/div><\/div><\/div><\/div>\t\t<div id=\"wpforms-46875-field_4-container\"\n\t\t\tclass=\"wpforms-field wpforms-field-text\"\n\t\t\tdata-field-type=\"text\"\n\t\t\tdata-field-id=\"4\"\n\t\t\t>\n\t\t\t<label class=\"wpforms-field-label\" for=\"wpforms-46875-field_4\" >Message Email Name<\/label>\n\t\t\t<input type=\"text\" id=\"wpforms-46875-field_4\" class=\"wpforms-field-medium\" name=\"wpforms[fields][4]\" >\n\t\t<\/div>\n\t\t<div id=\"wpforms-46875-field_3-container\" class=\"wpforms-field wpforms-field-textarea\" data-field-id=\"3\"><label class=\"wpforms-field-label\" for=\"wpforms-46875-field_3\">Message<\/label><textarea id=\"wpforms-46875-field_3\" class=\"wpforms-field-small\" name=\"wpforms[fields][3]\" placeholder=\"Message\" aria-errormessage=\"wpforms-46875-field_3-error\" >How we can help you?<\/textarea><\/div><script>\n\t\t\t\t( function() {\n\t\t\t\t\tconst style = document.createElement( 'style' );\n\t\t\t\t\tstyle.appendChild( document.createTextNode( '#wpforms-46875-field_4-container { position: absolute !important; overflow: hidden !important; display: inline !important; height: 1px !important; width: 1px !important; z-index: -1000 !important; padding: 0 !important; } #wpforms-46875-field_4-container input { visibility: hidden; } #wpforms-conversational-form-page #wpforms-46875-field_4-container label { counter-increment: none; }' ) );\n\t\t\t\t\tdocument.head.appendChild( style );\n\t\t\t\t\tdocument.currentScript?.remove();\n\t\t\t\t} )();\n\t\t\t<\/script><\/div><!-- .wpforms-field-container --><div class=\"wpforms-recaptcha-container wpforms-is-recaptcha wpforms-is-recaptcha-type-v2\" ><div class=\"g-recaptcha\" data-sitekey=\"6LeS7gEkAAAAAO-EsXRwxTakHs6Q_9Z0rQYHkIS5\"><\/div><input type=\"text\" name=\"g-recaptcha-hidden\" class=\"wpforms-recaptcha-hidden\" style=\"position:absolute!important;clip:rect(0,0,0,0)!important;height:1px!important;width:1px!important;border:0!important;overflow:hidden!important;padding:0!important;margin:0!important;\" data-rule-recaptcha=\"1\"><\/div><div class=\"wpforms-submit-container\" ><input type=\"hidden\" name=\"wpforms[id]\" value=\"46875\"><input type=\"hidden\" name=\"page_title\" value=\"\"><input type=\"hidden\" name=\"page_url\" value=\"https:\/\/whitesoundibiza.com\/es\/wp-json\/wp\/v2\/pages\/49570\"><input type=\"hidden\" name=\"url_referer\" value=\"\"><button type=\"submit\" name=\"wpforms[submit]\" id=\"wpforms-submit-46875\" class=\"wpforms-submit\" data-alt-text=\"Sending...\" data-submit-text=\"Send Message\" aria-live=\"assertive\" value=\"wpforms-submit\">Send Message<\/button><img decoding=\"async\" src=\"https:\/\/whitesoundibiza.com\/wp-content\/plugins\/wpforms\/assets\/images\/submit-spin.svg\" class=\"wpforms-submit-spinner\" style=\"display: none;\" width=\"26\" height=\"26\" alt=\"Cargando\"><\/div><\/form><\/div>  <!-- .wpforms-container --><\/div>\n<\/div>\n<\/div>\n\n\n\n<div style=\"height:68px\" aria-hidden=\"true\" class=\"wp-block-spacer\"><\/div>\n\n\n\n<div class=\"wp-block-columns is-layout-flex wp-container-core-columns-is-layout-28f84493 wp-block-columns-is-layout-flex\">\n<div class=\"wp-block-column is-layout-flow wp-block-column-is-layout-flow\"><\/div>\n<\/div>\n<\/div>\n","protected":false},"excerpt":{"rendered":"<p>Servicio DJ Convierte tu ocasi\u00f3n especial en una celebraci\u00f3n inolvidable con el servicio de DJ de White Sound Ibiza, dise\u00f1ado espec\u00edficamente para bodas, eventos privados [&hellip;]<\/p>\n","protected":false},"author":1,"featured_media":47908,"parent":0,"menu_order":0,"comment_status":"closed","ping_status":"closed","template":"","meta":{"_joinchat":[],"footnotes":""},"class_list":["post-49570","page","type-page","status-publish","has-post-thumbnail","hentry"],"yoast_head":"<!-- This site is optimized with the Yoast SEO plugin v27.4 - https:\/\/yoast.com\/product\/yoast-seo-wordpress\/ -->\n<title>White Sound Ibiza - Delivering Fun | Alquiler de Altavoces en Ibiza<\/title>\n<meta name=\"description\" content=\"Descubre el alquiler de altavoces premium en Ibiza en White Sound. Elige entre las mejores marcas, como D&amp;B, Digico y EV, para obtener una alta calidad de audio en tus eventos.\" \/>\n<meta name=\"robots\" content=\"index, follow, max-snippet:-1, max-image-preview:large, max-video-preview:-1\" \/>\n<link rel=\"canonical\" href=\"https:\/\/whitesoundibiza.com\/es\/sistema-de-sonido-5\/\" \/>\n<meta property=\"og:locale\" content=\"es_ES\" \/>\n<meta property=\"og:type\" content=\"article\" \/>\n<meta property=\"og:title\" content=\"White Sound Ibiza - Delivering Fun | Alquiler de Altavoces en Ibiza\" \/>\n<meta property=\"og:description\" content=\"Descubre el alquiler de altavoces premium en Ibiza en White Sound. Elige entre las mejores marcas, como D&amp;B, Digico y EV, para obtener una alta calidad de audio en tus eventos.\" \/>\n<meta property=\"og:url\" content=\"https:\/\/whitesoundibiza.com\/es\/sistema-de-sonido-5\/\" \/>\n<meta property=\"og:site_name\" content=\"White Sound Ibiza - Delivering Fun\" \/>\n<meta property=\"article:modified_time\" content=\"2025-07-04T15:33:15+00:00\" \/>\n<meta property=\"og:image\" content=\"https:\/\/whitesoundibiza.com\/wp-content\/uploads\/2024\/01\/Captura-de-pantalla-2023-01-25-a-las-18.00.20.png\" \/>\n\t<meta property=\"og:image:width\" content=\"2190\" \/>\n\t<meta property=\"og:image:height\" content=\"1460\" \/>\n\t<meta property=\"og:image:type\" content=\"image\/png\" \/>\n<meta name=\"twitter:card\" content=\"summary_large_image\" \/>\n<meta name=\"twitter:label1\" content=\"Tiempo de lectura\" \/>\n\t<meta name=\"twitter:data1\" content=\"4 minutos\" \/>\n<script type=\"application\/ld+json\" class=\"yoast-schema-graph\">{\"@context\":\"https:\\\/\\\/schema.org\",\"@graph\":[{\"@type\":\"WebPage\",\"@id\":\"https:\\\/\\\/whitesoundibiza.com\\\/es\\\/sistema-de-sonido-5\\\/\",\"url\":\"https:\\\/\\\/whitesoundibiza.com\\\/es\\\/sistema-de-sonido-5\\\/\",\"name\":\"White Sound Ibiza - Delivering Fun | Alquiler de Altavoces en Ibiza\",\"isPartOf\":{\"@id\":\"https:\\\/\\\/whitesoundibiza.com\\\/es\\\/#website\"},\"primaryImageOfPage\":{\"@id\":\"https:\\\/\\\/whitesoundibiza.com\\\/es\\\/sistema-de-sonido-5\\\/#primaryimage\"},\"image\":{\"@id\":\"https:\\\/\\\/whitesoundibiza.com\\\/es\\\/sistema-de-sonido-5\\\/#primaryimage\"},\"thumbnailUrl\":\"https:\\\/\\\/whitesoundibiza.com\\\/wp-content\\\/uploads\\\/2024\\\/01\\\/Captura-de-pantalla-2023-01-25-a-las-18.00.20.png\",\"datePublished\":\"2025-05-20T17:06:02+00:00\",\"dateModified\":\"2025-07-04T15:33:15+00:00\",\"description\":\"Descubre el alquiler de altavoces premium en Ibiza en White Sound. Elige entre las mejores marcas, como D&B, Digico y EV, para obtener una alta calidad de audio en tus eventos.\",\"breadcrumb\":{\"@id\":\"https:\\\/\\\/whitesoundibiza.com\\\/es\\\/sistema-de-sonido-5\\\/#breadcrumb\"},\"inLanguage\":\"es\",\"potentialAction\":[{\"@type\":\"ReadAction\",\"target\":[\"https:\\\/\\\/whitesoundibiza.com\\\/es\\\/sistema-de-sonido-5\\\/\"]}]},{\"@type\":\"ImageObject\",\"inLanguage\":\"es\",\"@id\":\"https:\\\/\\\/whitesoundibiza.com\\\/es\\\/sistema-de-sonido-5\\\/#primaryimage\",\"url\":\"https:\\\/\\\/whitesoundibiza.com\\\/wp-content\\\/uploads\\\/2024\\\/01\\\/Captura-de-pantalla-2023-01-25-a-las-18.00.20.png\",\"contentUrl\":\"https:\\\/\\\/whitesoundibiza.com\\\/wp-content\\\/uploads\\\/2024\\\/01\\\/Captura-de-pantalla-2023-01-25-a-las-18.00.20.png\",\"width\":2190,\"height\":1460},{\"@type\":\"BreadcrumbList\",\"@id\":\"https:\\\/\\\/whitesoundibiza.com\\\/es\\\/sistema-de-sonido-5\\\/#breadcrumb\",\"itemListElement\":[{\"@type\":\"ListItem\",\"position\":1,\"name\":\"Portada\",\"item\":\"https:\\\/\\\/whitesoundibiza.com\\\/es\\\/\"},{\"@type\":\"ListItem\",\"position\":2,\"name\":\"Servicio de DJ en streaming\"}]},{\"@type\":\"WebSite\",\"@id\":\"https:\\\/\\\/whitesoundibiza.com\\\/es\\\/#website\",\"url\":\"https:\\\/\\\/whitesoundibiza.com\\\/es\\\/\",\"name\":\"White Sound Ibiza\",\"description\":\"Rent Speakers in Ibiza\",\"publisher\":{\"@id\":\"https:\\\/\\\/whitesoundibiza.com\\\/es\\\/#organization\"},\"potentialAction\":[{\"@type\":\"SearchAction\",\"target\":{\"@type\":\"EntryPoint\",\"urlTemplate\":\"https:\\\/\\\/whitesoundibiza.com\\\/es\\\/?s={search_term_string}\"},\"query-input\":{\"@type\":\"PropertyValueSpecification\",\"valueRequired\":true,\"valueName\":\"search_term_string\"}}],\"inLanguage\":\"es\"},{\"@type\":\"Organization\",\"@id\":\"https:\\\/\\\/whitesoundibiza.com\\\/es\\\/#organization\",\"name\":\"White Sound Ibiza\",\"url\":\"https:\\\/\\\/whitesoundibiza.com\\\/es\\\/\",\"logo\":{\"@type\":\"ImageObject\",\"inLanguage\":\"es\",\"@id\":\"https:\\\/\\\/whitesoundibiza.com\\\/es\\\/#\\\/schema\\\/logo\\\/image\\\/\",\"url\":\"https:\\\/\\\/whitesoundibiza.com\\\/wp-content\\\/uploads\\\/2025\\\/05\\\/ws_logo.jpg\",\"contentUrl\":\"https:\\\/\\\/whitesoundibiza.com\\\/wp-content\\\/uploads\\\/2025\\\/05\\\/ws_logo.jpg\",\"width\":800,\"height\":235,\"caption\":\"White Sound Ibiza\"},\"image\":{\"@id\":\"https:\\\/\\\/whitesoundibiza.com\\\/es\\\/#\\\/schema\\\/logo\\\/image\\\/\"}}]}<\/script>\n<!-- \/ Yoast SEO plugin. -->","yoast_head_json":{"title":"White Sound Ibiza - Delivering Fun | Alquiler de Altavoces en Ibiza","description":"Descubre el alquiler de altavoces premium en Ibiza en White Sound. Elige entre las mejores marcas, como D&B, Digico y EV, para obtener una alta calidad de audio en tus eventos.","robots":{"index":"index","follow":"follow","max-snippet":"max-snippet:-1","max-image-preview":"max-image-preview:large","max-video-preview":"max-video-preview:-1"},"canonical":"https:\/\/whitesoundibiza.com\/es\/sistema-de-sonido-5\/","og_locale":"es_ES","og_type":"article","og_title":"White Sound Ibiza - Delivering Fun | Alquiler de Altavoces en Ibiza","og_description":"Descubre el alquiler de altavoces premium en Ibiza en White Sound. Elige entre las mejores marcas, como D&B, Digico y EV, para obtener una alta calidad de audio en tus eventos.","og_url":"https:\/\/whitesoundibiza.com\/es\/sistema-de-sonido-5\/","og_site_name":"White Sound Ibiza - Delivering Fun","article_modified_time":"2025-07-04T15:33:15+00:00","og_image":[{"width":2190,"height":1460,"url":"https:\/\/whitesoundibiza.com\/wp-content\/uploads\/2024\/01\/Captura-de-pantalla-2023-01-25-a-las-18.00.20.png","type":"image\/png"}],"twitter_card":"summary_large_image","twitter_misc":{"Tiempo de lectura":"4 minutos"},"schema":{"@context":"https:\/\/schema.org","@graph":[{"@type":"WebPage","@id":"https:\/\/whitesoundibiza.com\/es\/sistema-de-sonido-5\/","url":"https:\/\/whitesoundibiza.com\/es\/sistema-de-sonido-5\/","name":"White Sound Ibiza - Delivering Fun | Alquiler de Altavoces en Ibiza","isPartOf":{"@id":"https:\/\/whitesoundibiza.com\/es\/#website"},"primaryImageOfPage":{"@id":"https:\/\/whitesoundibiza.com\/es\/sistema-de-sonido-5\/#primaryimage"},"image":{"@id":"https:\/\/whitesoundibiza.com\/es\/sistema-de-sonido-5\/#primaryimage"},"thumbnailUrl":"https:\/\/whitesoundibiza.com\/wp-content\/uploads\/2024\/01\/Captura-de-pantalla-2023-01-25-a-las-18.00.20.png","datePublished":"2025-05-20T17:06:02+00:00","dateModified":"2025-07-04T15:33:15+00:00","description":"Descubre el alquiler de altavoces premium en Ibiza en White Sound. Elige entre las mejores marcas, como D&B, Digico y EV, para obtener una alta calidad de audio en tus eventos.","breadcrumb":{"@id":"https:\/\/whitesoundibiza.com\/es\/sistema-de-sonido-5\/#breadcrumb"},"inLanguage":"es","potentialAction":[{"@type":"ReadAction","target":["https:\/\/whitesoundibiza.com\/es\/sistema-de-sonido-5\/"]}]},{"@type":"ImageObject","inLanguage":"es","@id":"https:\/\/whitesoundibiza.com\/es\/sistema-de-sonido-5\/#primaryimage","url":"https:\/\/whitesoundibiza.com\/wp-content\/uploads\/2024\/01\/Captura-de-pantalla-2023-01-25-a-las-18.00.20.png","contentUrl":"https:\/\/whitesoundibiza.com\/wp-content\/uploads\/2024\/01\/Captura-de-pantalla-2023-01-25-a-las-18.00.20.png","width":2190,"height":1460},{"@type":"BreadcrumbList","@id":"https:\/\/whitesoundibiza.com\/es\/sistema-de-sonido-5\/#breadcrumb","itemListElement":[{"@type":"ListItem","position":1,"name":"Portada","item":"https:\/\/whitesoundibiza.com\/es\/"},{"@type":"ListItem","position":2,"name":"Servicio de DJ en streaming"}]},{"@type":"WebSite","@id":"https:\/\/whitesoundibiza.com\/es\/#website","url":"https:\/\/whitesoundibiza.com\/es\/","name":"White Sound Ibiza","description":"Rent Speakers in Ibiza","publisher":{"@id":"https:\/\/whitesoundibiza.com\/es\/#organization"},"potentialAction":[{"@type":"SearchAction","target":{"@type":"EntryPoint","urlTemplate":"https:\/\/whitesoundibiza.com\/es\/?s={search_term_string}"},"query-input":{"@type":"PropertyValueSpecification","valueRequired":true,"valueName":"search_term_string"}}],"inLanguage":"es"},{"@type":"Organization","@id":"https:\/\/whitesoundibiza.com\/es\/#organization","name":"White Sound Ibiza","url":"https:\/\/whitesoundibiza.com\/es\/","logo":{"@type":"ImageObject","inLanguage":"es","@id":"https:\/\/whitesoundibiza.com\/es\/#\/schema\/logo\/image\/","url":"https:\/\/whitesoundibiza.com\/wp-content\/uploads\/2025\/05\/ws_logo.jpg","contentUrl":"https:\/\/whitesoundibiza.com\/wp-content\/uploads\/2025\/05\/ws_logo.jpg","width":800,"height":235,"caption":"White Sound Ibiza"},"image":{"@id":"https:\/\/whitesoundibiza.com\/es\/#\/schema\/logo\/image\/"}}]}},"_links":{"self":[{"href":"https:\/\/whitesoundibiza.com\/es\/wp-json\/wp\/v2\/pages\/49570","targetHints":{"allow":["GET"]}}],"collection":[{"href":"https:\/\/whitesoundibiza.com\/es\/wp-json\/wp\/v2\/pages"}],"about":[{"href":"https:\/\/whitesoundibiza.com\/es\/wp-json\/wp\/v2\/types\/page"}],"author":[{"embeddable":true,"href":"https:\/\/whitesoundibiza.com\/es\/wp-json\/wp\/v2\/users\/1"}],"replies":[{"embeddable":true,"href":"https:\/\/whitesoundibiza.com\/es\/wp-json\/wp\/v2\/comments?post=49570"}],"version-history":[{"count":0,"href":"https:\/\/whitesoundibiza.com\/es\/wp-json\/wp\/v2\/pages\/49570\/revisions"}],"wp:featuredmedia":[{"embeddable":true,"href":"https:\/\/whitesoundibiza.com\/es\/wp-json\/wp\/v2\/media\/47908"}],"wp:attachment":[{"href":"https:\/\/whitesoundibiza.com\/es\/wp-json\/wp\/v2\/media?parent=49570"}],"curies":[{"name":"wp","href":"https:\/\/api.w.org\/{rel}","templated":true}]}}