{"id":49557,"date":"2025-05-20T15:54:00","date_gmt":"2025-05-20T15:54:00","guid":{"rendered":"https:\/\/whitesoundibiza.com\/?page_id=49557"},"modified":"2025-07-04T15:33:34","modified_gmt":"2025-07-04T15:33:34","slug":"sistema-de-sonido-4","status":"publish","type":"page","link":"https:\/\/whitesoundibiza.com\/es\/sistema-de-sonido-4\/","title":{"rendered":"Servicio Estudio Mobille"},"content":{"rendered":"\n<div class=\"wp-block-group alignwide gizmo-container-spacing-15 is-layout-constrained wp-block-group-is-layout-constrained\" style=\"padding-top:8px\">\n<div class=\"wp-block-group alignwide is-layout-flow wp-block-group-is-layout-flow\">\n<div class=\"wp-block-columns is-layout-flex wp-container-core-columns-is-layout-28f84493 wp-block-columns-is-layout-flex\">\n<div class=\"wp-block-column is-vertically-aligned-top is-layout-flow wp-block-column-is-layout-flow\" style=\"flex-basis:50%\">\n<h2 class=\"wp-block-heading has-text-align-left has-huge-font-size\">Alquiler de estudios m\u00f3viles<\/h2>\n\n\n\n<p>Transforma cualquier villa ibicenca, suite de hotel o local al aire libre en tu centro de producci\u00f3n personal. Entregamos, instalamos y calibramos todo el equipo -monitores de estudio, micr\u00f3fonos de alta calidad, teclados o sintetizadores MIDI, interfaces de audio de alta resoluci\u00f3n y preamplificadores de micr\u00f3fono- para que puedas producir, grabar y editar in situ con equipos de calidad profesional. <\/p>\n\n\n\n<h2 class=\"wp-block-heading has-large-font-size\">Villas<\/h2>\n\n\n\n<p>Inst\u00e1lalo en el sal\u00f3n, en una caba\u00f1a junto a la piscina o en un loft privado, ideal para sesiones de escritura, sobregrabaciones vocales o creaci\u00f3n de ritmos con total comodidad.<\/p>\n\n\n\n<h2 class=\"wp-block-heading has-large-font-size\">Hoteles<\/h2>\n\n\n\n<p>Convierte una suite o sala de conferencias en un estudio llave en mano para podcasts, locuciones o grabaciones de demostraciones durante tu estancia.<\/p>\n\n\n\n<h2 class=\"wp-block-heading has-large-font-size\">Exteriores<\/h2>\n\n\n\n<p>Desde actuaciones junto a la playa hasta actuaciones electr\u00f3nicas al atardecer en una azotea, nuestros equipos preparados para funcionar con pilas ofrecen una se\u00f1al s\u00f3lida como una roca y una claridad pr\u00edstina en cualquier lugar.<\/p>\n<\/div>\n\n\n\n<div class=\"wp-block-column is-vertically-aligned-bottom is-layout-flow wp-block-column-is-layout-flow\" style=\"flex-basis:50%\">\n<figure class=\"wp-block-image aligncenter size-full is-resized has-custom-border is-style-default\"><img decoding=\"async\" width=\"1000\" height=\"1000\" src=\"https:\/\/whitesoundibiza.com\/wp-content\/uploads\/2025\/05\/Studioimg.jpg\" alt=\"Alquiler de estudio m&#xF3;vil en Ibiza\" class=\"wp-image-49498\" style=\"border-radius:0px;width:587px;height:auto\" srcset=\"https:\/\/whitesoundibiza.com\/wp-content\/uploads\/2025\/05\/Studioimg.jpg 1000w, https:\/\/whitesoundibiza.com\/wp-content\/uploads\/2025\/05\/Studioimg-700x700.jpg 700w, https:\/\/whitesoundibiza.com\/wp-content\/uploads\/2025\/05\/Studioimg-300x300.jpg 300w, https:\/\/whitesoundibiza.com\/wp-content\/uploads\/2025\/05\/Studioimg-150x150.jpg 150w, https:\/\/whitesoundibiza.com\/wp-content\/uploads\/2025\/05\/Studioimg-768x768.jpg 768w\" sizes=\"(max-width: 1000px) 100vw, 1000px\" \/><\/figure>\n<\/div>\n<\/div>\n\n\n\n<div class=\"wp-block-columns is-layout-flex wp-container-core-columns-is-layout-28f84493 wp-block-columns-is-layout-flex\">\n<div class=\"wp-block-column is-layout-flow wp-block-column-is-layout-flow\">\n<h2 class=\"wp-block-heading has-text-align-left has-huge-font-size\">Qu\u00e9 incluye<\/h2>\n\n\n\n<ul class=\"wp-block-list\">\n<li><strong>Monitores de estudio:<\/strong> Altavoces de campo cercano precisos para una mezcla impecable<\/li>\n\n\n\n<li><strong>Micr\u00f3fonos:<\/strong> Micr\u00f3fonos de condensador y din\u00e1micos para voces, instrumentos y captaci\u00f3n ambiental<\/li>\n\n\n\n<li><strong>Teclados y sintetizadores:<\/strong> Controladores MIDI y opciones de sintetizador modular bajo pedido<\/li>\n\n\n\n<li><strong>Interfaces de audio y preamplificadores:<\/strong> convertidores de 24 bits\/96 kHz con etapas de ganancia ultralimpias<\/li>\n\n\n\n<li><strong>Cableado y soportes:<\/strong> XLR, cables de alimentaci\u00f3n, pies de micro y soportes de aislamiento<\/li>\n\n\n\n<li><strong>Configuraci\u00f3n y calibraci\u00f3n completas:<\/strong> Nos encargamos del montaje, el trazado y las comprobaciones de nivel, sin necesidad de ingenieros<\/li>\n<\/ul>\n<\/div>\n<\/div>\n\n\n\n<div class=\"wp-block-columns is-layout-flex wp-container-core-columns-is-layout-28f84493 wp-block-columns-is-layout-flex\">\n<div class=\"wp-block-column is-layout-flow wp-block-column-is-layout-flow\">\n<h2 class=\"wp-block-heading has-text-align-left has-huge-font-size\">C\u00f3mo funciona<\/h2>\n\n\n\n<ol class=\"wp-block-list\">\n<li><strong>Elige tu Equipo y Fechas<\/strong>: Selecciona el equipo y programa la entrega.<\/li>\n\n\n\n<li><strong>Entrega e instalaci\u00f3n in situ<\/strong>: Llegamos pronto, instalamos y optimizamos el espacio de tu estudio.<\/li>\n\n\n\n<li><strong>Autoproducci\u00f3n<\/strong>: Diriges tu sesi\u00f3n: escribes, grabas o editas a tu propio ritmo.<\/li>\n\n\n\n<li><strong>Recogida y recapitulaci\u00f3n<\/strong>: Volvemos para recoger todo el equipo; t\u00fa te quedas con los archivos y las mezclas finales.<\/li>\n<\/ol>\n\n\n\n<p>Con el alquiler de estudios m\u00f3viles de White Sound Ibiza, dispones de herramientas de producci\u00f3n de calidad profesional en cualquier lugar de la isla, sin necesidad de instalaciones fijas.  <strong>Deja que te montemos el estudio de tus sue\u00f1os in situ.<\/strong><\/p>\n\n\n\n<h2 class=\"wp-block-heading\">\u00bfPreparado para construir tu estudio in situ?<\/h2>\n\n\n<div class=\"wpforms-container wpforms-container-full wpforms-block wpforms-block-a3580d3b-40d9-4c0c-9c61-049b72f9a777 wpforms-render-modern\" id=\"wpforms-46875\"><form id=\"wpforms-form-46875\" class=\"wpforms-validate wpforms-form wpforms-ajax-form\" data-formid=\"46875\" method=\"post\" enctype=\"multipart\/form-data\" action=\"\/es\/wp-json\/wp\/v2\/pages\/49557\" data-token=\"ac59de1b2a772813bb452057c9434c84\" data-token-time=\"1776960624\"><noscript class=\"wpforms-error-noscript\">Por favor, activa JavaScript en tu navegador para completar este formulario.<\/noscript><div id=\"wpforms-error-noscript\" style=\"display: none;\">Por favor, activa JavaScript en tu navegador para completar este formulario.<\/div><div class=\"wpforms-field-container\">\t\t<div id=\"wpforms-46875-field_4-container\"\n\t\t\tclass=\"wpforms-field wpforms-field-text\"\n\t\t\tdata-field-type=\"text\"\n\t\t\tdata-field-id=\"4\"\n\t\t\t>\n\t\t\t<label class=\"wpforms-field-label\" for=\"wpforms-46875-field_4\" >Message Name Dise\u00f1o<\/label>\n\t\t\t<input type=\"text\" id=\"wpforms-46875-field_4\" class=\"wpforms-field-medium\" name=\"wpforms[fields][4]\" >\n\t\t<\/div>\n\t\t<div id=\"wpforms-46875-field_1-container\" class=\"wpforms-field wpforms-field-name\" data-field-id=\"1\"><fieldset><legend class=\"wpforms-field-label\">Name <span class=\"wpforms-required-label\" aria-hidden=\"true\">*<\/span><\/legend><div class=\"wpforms-field-row wpforms-field-medium\"><div class=\"wpforms-field-row-block wpforms-first wpforms-one-half\"><input type=\"text\" id=\"wpforms-46875-field_1\" class=\"wpforms-field-name-first wpforms-field-required\" name=\"wpforms[fields][1][first]\" placeholder=\"First\" aria-errormessage=\"wpforms-46875-field_1-error\" required><label for=\"wpforms-46875-field_1\" class=\"wpforms-field-sublabel after wpforms-sublabel-hide\">First<\/label><\/div><div class=\"wpforms-field-row-block wpforms-one-half\"><input type=\"text\" id=\"wpforms-46875-field_1-last\" class=\"wpforms-field-name-last wpforms-field-required\" name=\"wpforms[fields][1][last]\" placeholder=\"Last\" aria-errormessage=\"wpforms-46875-field_1-last-error\" required><label for=\"wpforms-46875-field_1-last\" class=\"wpforms-field-sublabel after wpforms-sublabel-hide\">Last<\/label><\/div><\/div><\/fieldset><\/div><div id=\"wpforms-46875-field_8-container\" class=\"wpforms-field wpforms-field-layout\" data-field-id=\"8\"><div class=\"wpforms-field-layout-rows wpforms-field-large\"><div class=\"wpforms-layout-row\"><div class=\"wpforms-layout-column wpforms-layout-column-50\"><div id=\"wpforms-46875-field_2-container\" class=\"wpforms-field wpforms-field-email\" data-field-id=\"2\"><label class=\"wpforms-field-label\" for=\"wpforms-46875-field_2\">Email <span class=\"wpforms-required-label\" aria-hidden=\"true\">*<\/span><\/label><input type=\"email\" id=\"wpforms-46875-field_2\" class=\"wpforms-field-medium wpforms-field-required\" name=\"wpforms[fields][2]\" placeholder=\"Email\" spellcheck=\"false\" aria-errormessage=\"wpforms-46875-field_2-error\" required><\/div><\/div><div class=\"wpforms-layout-column wpforms-layout-column-50\"><div id=\"wpforms-46875-field_7-container\" class=\"wpforms-field wpforms-field-phone\" data-field-id=\"7\"><label class=\"wpforms-field-label\" for=\"wpforms-46875-field_7\">Tel\u00e9fono<\/label><input type=\"tel\" id=\"wpforms-46875-field_7\" class=\"wpforms-field-small wpforms-smart-phone-field\" data-rule-smart-phone-field=\"true\" name=\"wpforms[fields][7]\" placeholder=\"Phone\" aria-label=\"Tel\u00e9fono\" aria-errormessage=\"wpforms-46875-field_7-error\" ><\/div><\/div><\/div><\/div><\/div><div id=\"wpforms-46875-field_3-container\" class=\"wpforms-field wpforms-field-textarea\" data-field-id=\"3\"><label class=\"wpforms-field-label\" for=\"wpforms-46875-field_3\">Message<\/label><textarea id=\"wpforms-46875-field_3\" class=\"wpforms-field-small\" name=\"wpforms[fields][3]\" placeholder=\"Message\" aria-errormessage=\"wpforms-46875-field_3-error\" >How we can help you?<\/textarea><\/div><script>\n\t\t\t\t( function() {\n\t\t\t\t\tconst style = document.createElement( 'style' );\n\t\t\t\t\tstyle.appendChild( document.createTextNode( '#wpforms-46875-field_4-container { position: absolute !important; overflow: hidden !important; display: inline !important; height: 1px !important; width: 1px !important; z-index: -1000 !important; padding: 0 !important; } #wpforms-46875-field_4-container input { visibility: hidden; } #wpforms-conversational-form-page #wpforms-46875-field_4-container label { counter-increment: none; }' ) );\n\t\t\t\t\tdocument.head.appendChild( style );\n\t\t\t\t\tdocument.currentScript?.remove();\n\t\t\t\t} )();\n\t\t\t<\/script><\/div><!-- .wpforms-field-container --><div class=\"wpforms-recaptcha-container wpforms-is-recaptcha wpforms-is-recaptcha-type-v2\" ><div class=\"g-recaptcha\" data-sitekey=\"6LeS7gEkAAAAAO-EsXRwxTakHs6Q_9Z0rQYHkIS5\"><\/div><input type=\"text\" name=\"g-recaptcha-hidden\" class=\"wpforms-recaptcha-hidden\" style=\"position:absolute!important;clip:rect(0,0,0,0)!important;height:1px!important;width:1px!important;border:0!important;overflow:hidden!important;padding:0!important;margin:0!important;\" data-rule-recaptcha=\"1\"><\/div><div class=\"wpforms-submit-container\" ><input type=\"hidden\" name=\"wpforms[id]\" value=\"46875\"><input type=\"hidden\" name=\"page_title\" value=\"\"><input type=\"hidden\" name=\"page_url\" value=\"https:\/\/whitesoundibiza.com\/es\/wp-json\/wp\/v2\/pages\/49557\"><input type=\"hidden\" name=\"url_referer\" value=\"\"><button type=\"submit\" name=\"wpforms[submit]\" id=\"wpforms-submit-46875\" class=\"wpforms-submit\" data-alt-text=\"Sending...\" data-submit-text=\"Send Message\" aria-live=\"assertive\" value=\"wpforms-submit\">Send Message<\/button><img decoding=\"async\" src=\"https:\/\/whitesoundibiza.com\/wp-content\/plugins\/wpforms\/assets\/images\/submit-spin.svg\" class=\"wpforms-submit-spinner\" style=\"display: none;\" width=\"26\" height=\"26\" alt=\"Cargando\"><\/div><\/form><\/div>  <!-- .wpforms-container --><\/div>\n<\/div>\n<\/div>\n<\/div>\n","protected":false},"excerpt":{"rendered":"<p>Alquiler de estudios m\u00f3viles Transforma cualquier villa ibicenca, suite de hotel o local al aire libre en tu centro de producci\u00f3n personal. Entregamos, instalamos y [&hellip;]<\/p>\n","protected":false},"author":1,"featured_media":47908,"parent":0,"menu_order":0,"comment_status":"closed","ping_status":"closed","template":"","meta":{"_joinchat":[],"footnotes":""},"class_list":["post-49557","page","type-page","status-publish","has-post-thumbnail","hentry"],"yoast_head":"<!-- This site is optimized with the Yoast SEO plugin v27.4 - https:\/\/yoast.com\/product\/yoast-seo-wordpress\/ -->\n<title>White Sound Ibiza - Delivering Fun | Alquiler de Altavoces en Ibiza<\/title>\n<meta name=\"description\" content=\"Descubre el alquiler de altavoces premium en Ibiza en White Sound. Elige entre las mejores marcas, como D&amp;B, Digico y EV, para obtener una alta calidad de audio en tus eventos.\" \/>\n<meta name=\"robots\" content=\"index, follow, max-snippet:-1, max-image-preview:large, max-video-preview:-1\" \/>\n<link rel=\"canonical\" href=\"https:\/\/whitesoundibiza.com\/es\/sistema-de-sonido-4\/\" \/>\n<meta property=\"og:locale\" content=\"es_ES\" \/>\n<meta property=\"og:type\" content=\"article\" \/>\n<meta property=\"og:title\" content=\"White Sound Ibiza - Delivering Fun | Alquiler de Altavoces en Ibiza\" \/>\n<meta property=\"og:description\" content=\"Descubre el alquiler de altavoces premium en Ibiza en White Sound. Elige entre las mejores marcas, como D&amp;B, Digico y EV, para obtener una alta calidad de audio en tus eventos.\" \/>\n<meta property=\"og:url\" content=\"https:\/\/whitesoundibiza.com\/es\/sistema-de-sonido-4\/\" \/>\n<meta property=\"og:site_name\" content=\"White Sound Ibiza - Delivering Fun\" \/>\n<meta property=\"article:modified_time\" content=\"2025-07-04T15:33:34+00:00\" \/>\n<meta property=\"og:image\" content=\"https:\/\/whitesoundibiza.com\/wp-content\/uploads\/2024\/01\/Captura-de-pantalla-2023-01-25-a-las-18.00.20.png\" \/>\n\t<meta property=\"og:image:width\" content=\"2190\" \/>\n\t<meta property=\"og:image:height\" content=\"1460\" \/>\n\t<meta property=\"og:image:type\" content=\"image\/png\" \/>\n<meta name=\"twitter:card\" content=\"summary_large_image\" \/>\n<meta name=\"twitter:label1\" content=\"Tiempo de lectura\" \/>\n\t<meta name=\"twitter:data1\" content=\"4 minutos\" \/>\n<script type=\"application\/ld+json\" class=\"yoast-schema-graph\">{\"@context\":\"https:\\\/\\\/schema.org\",\"@graph\":[{\"@type\":\"WebPage\",\"@id\":\"https:\\\/\\\/whitesoundibiza.com\\\/es\\\/sistema-de-sonido-4\\\/\",\"url\":\"https:\\\/\\\/whitesoundibiza.com\\\/es\\\/sistema-de-sonido-4\\\/\",\"name\":\"White Sound Ibiza - Delivering Fun | Alquiler de Altavoces en Ibiza\",\"isPartOf\":{\"@id\":\"https:\\\/\\\/whitesoundibiza.com\\\/es\\\/#website\"},\"primaryImageOfPage\":{\"@id\":\"https:\\\/\\\/whitesoundibiza.com\\\/es\\\/sistema-de-sonido-4\\\/#primaryimage\"},\"image\":{\"@id\":\"https:\\\/\\\/whitesoundibiza.com\\\/es\\\/sistema-de-sonido-4\\\/#primaryimage\"},\"thumbnailUrl\":\"https:\\\/\\\/whitesoundibiza.com\\\/wp-content\\\/uploads\\\/2024\\\/01\\\/Captura-de-pantalla-2023-01-25-a-las-18.00.20.png\",\"datePublished\":\"2025-05-20T15:54:00+00:00\",\"dateModified\":\"2025-07-04T15:33:34+00:00\",\"description\":\"Descubre el alquiler de altavoces premium en Ibiza en White Sound. Elige entre las mejores marcas, como D&B, Digico y EV, para obtener una alta calidad de audio en tus eventos.\",\"breadcrumb\":{\"@id\":\"https:\\\/\\\/whitesoundibiza.com\\\/es\\\/sistema-de-sonido-4\\\/#breadcrumb\"},\"inLanguage\":\"es\",\"potentialAction\":[{\"@type\":\"ReadAction\",\"target\":[\"https:\\\/\\\/whitesoundibiza.com\\\/es\\\/sistema-de-sonido-4\\\/\"]}]},{\"@type\":\"ImageObject\",\"inLanguage\":\"es\",\"@id\":\"https:\\\/\\\/whitesoundibiza.com\\\/es\\\/sistema-de-sonido-4\\\/#primaryimage\",\"url\":\"https:\\\/\\\/whitesoundibiza.com\\\/wp-content\\\/uploads\\\/2024\\\/01\\\/Captura-de-pantalla-2023-01-25-a-las-18.00.20.png\",\"contentUrl\":\"https:\\\/\\\/whitesoundibiza.com\\\/wp-content\\\/uploads\\\/2024\\\/01\\\/Captura-de-pantalla-2023-01-25-a-las-18.00.20.png\",\"width\":2190,\"height\":1460},{\"@type\":\"BreadcrumbList\",\"@id\":\"https:\\\/\\\/whitesoundibiza.com\\\/es\\\/sistema-de-sonido-4\\\/#breadcrumb\",\"itemListElement\":[{\"@type\":\"ListItem\",\"position\":1,\"name\":\"Portada\",\"item\":\"https:\\\/\\\/whitesoundibiza.com\\\/es\\\/\"},{\"@type\":\"ListItem\",\"position\":2,\"name\":\"Servicio Estudio Mobille\"}]},{\"@type\":\"WebSite\",\"@id\":\"https:\\\/\\\/whitesoundibiza.com\\\/es\\\/#website\",\"url\":\"https:\\\/\\\/whitesoundibiza.com\\\/es\\\/\",\"name\":\"White Sound Ibiza\",\"description\":\"Rent Speakers in Ibiza\",\"publisher\":{\"@id\":\"https:\\\/\\\/whitesoundibiza.com\\\/es\\\/#organization\"},\"potentialAction\":[{\"@type\":\"SearchAction\",\"target\":{\"@type\":\"EntryPoint\",\"urlTemplate\":\"https:\\\/\\\/whitesoundibiza.com\\\/es\\\/?s={search_term_string}\"},\"query-input\":{\"@type\":\"PropertyValueSpecification\",\"valueRequired\":true,\"valueName\":\"search_term_string\"}}],\"inLanguage\":\"es\"},{\"@type\":\"Organization\",\"@id\":\"https:\\\/\\\/whitesoundibiza.com\\\/es\\\/#organization\",\"name\":\"White Sound Ibiza\",\"url\":\"https:\\\/\\\/whitesoundibiza.com\\\/es\\\/\",\"logo\":{\"@type\":\"ImageObject\",\"inLanguage\":\"es\",\"@id\":\"https:\\\/\\\/whitesoundibiza.com\\\/es\\\/#\\\/schema\\\/logo\\\/image\\\/\",\"url\":\"https:\\\/\\\/whitesoundibiza.com\\\/wp-content\\\/uploads\\\/2025\\\/05\\\/ws_logo.jpg\",\"contentUrl\":\"https:\\\/\\\/whitesoundibiza.com\\\/wp-content\\\/uploads\\\/2025\\\/05\\\/ws_logo.jpg\",\"width\":800,\"height\":235,\"caption\":\"White Sound Ibiza\"},\"image\":{\"@id\":\"https:\\\/\\\/whitesoundibiza.com\\\/es\\\/#\\\/schema\\\/logo\\\/image\\\/\"}}]}<\/script>\n<!-- \/ Yoast SEO plugin. -->","yoast_head_json":{"title":"White Sound Ibiza - Delivering Fun | Alquiler de Altavoces en Ibiza","description":"Descubre el alquiler de altavoces premium en Ibiza en White Sound. Elige entre las mejores marcas, como D&B, Digico y EV, para obtener una alta calidad de audio en tus eventos.","robots":{"index":"index","follow":"follow","max-snippet":"max-snippet:-1","max-image-preview":"max-image-preview:large","max-video-preview":"max-video-preview:-1"},"canonical":"https:\/\/whitesoundibiza.com\/es\/sistema-de-sonido-4\/","og_locale":"es_ES","og_type":"article","og_title":"White Sound Ibiza - Delivering Fun | Alquiler de Altavoces en Ibiza","og_description":"Descubre el alquiler de altavoces premium en Ibiza en White Sound. Elige entre las mejores marcas, como D&B, Digico y EV, para obtener una alta calidad de audio en tus eventos.","og_url":"https:\/\/whitesoundibiza.com\/es\/sistema-de-sonido-4\/","og_site_name":"White Sound Ibiza - Delivering Fun","article_modified_time":"2025-07-04T15:33:34+00:00","og_image":[{"width":2190,"height":1460,"url":"https:\/\/whitesoundibiza.com\/wp-content\/uploads\/2024\/01\/Captura-de-pantalla-2023-01-25-a-las-18.00.20.png","type":"image\/png"}],"twitter_card":"summary_large_image","twitter_misc":{"Tiempo de lectura":"4 minutos"},"schema":{"@context":"https:\/\/schema.org","@graph":[{"@type":"WebPage","@id":"https:\/\/whitesoundibiza.com\/es\/sistema-de-sonido-4\/","url":"https:\/\/whitesoundibiza.com\/es\/sistema-de-sonido-4\/","name":"White Sound Ibiza - Delivering Fun | Alquiler de Altavoces en Ibiza","isPartOf":{"@id":"https:\/\/whitesoundibiza.com\/es\/#website"},"primaryImageOfPage":{"@id":"https:\/\/whitesoundibiza.com\/es\/sistema-de-sonido-4\/#primaryimage"},"image":{"@id":"https:\/\/whitesoundibiza.com\/es\/sistema-de-sonido-4\/#primaryimage"},"thumbnailUrl":"https:\/\/whitesoundibiza.com\/wp-content\/uploads\/2024\/01\/Captura-de-pantalla-2023-01-25-a-las-18.00.20.png","datePublished":"2025-05-20T15:54:00+00:00","dateModified":"2025-07-04T15:33:34+00:00","description":"Descubre el alquiler de altavoces premium en Ibiza en White Sound. Elige entre las mejores marcas, como D&B, Digico y EV, para obtener una alta calidad de audio en tus eventos.","breadcrumb":{"@id":"https:\/\/whitesoundibiza.com\/es\/sistema-de-sonido-4\/#breadcrumb"},"inLanguage":"es","potentialAction":[{"@type":"ReadAction","target":["https:\/\/whitesoundibiza.com\/es\/sistema-de-sonido-4\/"]}]},{"@type":"ImageObject","inLanguage":"es","@id":"https:\/\/whitesoundibiza.com\/es\/sistema-de-sonido-4\/#primaryimage","url":"https:\/\/whitesoundibiza.com\/wp-content\/uploads\/2024\/01\/Captura-de-pantalla-2023-01-25-a-las-18.00.20.png","contentUrl":"https:\/\/whitesoundibiza.com\/wp-content\/uploads\/2024\/01\/Captura-de-pantalla-2023-01-25-a-las-18.00.20.png","width":2190,"height":1460},{"@type":"BreadcrumbList","@id":"https:\/\/whitesoundibiza.com\/es\/sistema-de-sonido-4\/#breadcrumb","itemListElement":[{"@type":"ListItem","position":1,"name":"Portada","item":"https:\/\/whitesoundibiza.com\/es\/"},{"@type":"ListItem","position":2,"name":"Servicio Estudio Mobille"}]},{"@type":"WebSite","@id":"https:\/\/whitesoundibiza.com\/es\/#website","url":"https:\/\/whitesoundibiza.com\/es\/","name":"White Sound Ibiza","description":"Rent Speakers in Ibiza","publisher":{"@id":"https:\/\/whitesoundibiza.com\/es\/#organization"},"potentialAction":[{"@type":"SearchAction","target":{"@type":"EntryPoint","urlTemplate":"https:\/\/whitesoundibiza.com\/es\/?s={search_term_string}"},"query-input":{"@type":"PropertyValueSpecification","valueRequired":true,"valueName":"search_term_string"}}],"inLanguage":"es"},{"@type":"Organization","@id":"https:\/\/whitesoundibiza.com\/es\/#organization","name":"White Sound Ibiza","url":"https:\/\/whitesoundibiza.com\/es\/","logo":{"@type":"ImageObject","inLanguage":"es","@id":"https:\/\/whitesoundibiza.com\/es\/#\/schema\/logo\/image\/","url":"https:\/\/whitesoundibiza.com\/wp-content\/uploads\/2025\/05\/ws_logo.jpg","contentUrl":"https:\/\/whitesoundibiza.com\/wp-content\/uploads\/2025\/05\/ws_logo.jpg","width":800,"height":235,"caption":"White Sound Ibiza"},"image":{"@id":"https:\/\/whitesoundibiza.com\/es\/#\/schema\/logo\/image\/"}}]}},"_links":{"self":[{"href":"https:\/\/whitesoundibiza.com\/es\/wp-json\/wp\/v2\/pages\/49557","targetHints":{"allow":["GET"]}}],"collection":[{"href":"https:\/\/whitesoundibiza.com\/es\/wp-json\/wp\/v2\/pages"}],"about":[{"href":"https:\/\/whitesoundibiza.com\/es\/wp-json\/wp\/v2\/types\/page"}],"author":[{"embeddable":true,"href":"https:\/\/whitesoundibiza.com\/es\/wp-json\/wp\/v2\/users\/1"}],"replies":[{"embeddable":true,"href":"https:\/\/whitesoundibiza.com\/es\/wp-json\/wp\/v2\/comments?post=49557"}],"version-history":[{"count":0,"href":"https:\/\/whitesoundibiza.com\/es\/wp-json\/wp\/v2\/pages\/49557\/revisions"}],"wp:featuredmedia":[{"embeddable":true,"href":"https:\/\/whitesoundibiza.com\/es\/wp-json\/wp\/v2\/media\/47908"}],"wp:attachment":[{"href":"https:\/\/whitesoundibiza.com\/es\/wp-json\/wp\/v2\/media?parent=49557"}],"curies":[{"name":"wp","href":"https:\/\/api.w.org\/{rel}","templated":true}]}}