{"id":49528,"date":"2025-05-20T14:44:37","date_gmt":"2025-05-20T14:44:37","guid":{"rendered":"https:\/\/whitesoundibiza.com\/?page_id=49528"},"modified":"2025-07-04T15:33:01","modified_gmt":"2025-07-04T15:33:01","slug":"sistema-de-sonido-2","status":"publish","type":"page","link":"https:\/\/whitesoundibiza.com\/es\/sistema-de-sonido-2\/","title":{"rendered":"Alquiler en seco"},"content":{"rendered":"\n<div class=\"wp-block-group alignwide gizmo-container-spacing-15 is-layout-constrained wp-block-group-is-layout-constrained\" style=\"padding-top:8px\">\n<div class=\"wp-block-group alignwide is-layout-flow wp-block-group-is-layout-flow\">\n<div class=\"wp-block-columns is-layout-flex wp-container-core-columns-is-layout-28f84493 wp-block-columns-is-layout-flex\">\n<div class=\"wp-block-column is-vertically-aligned-top is-layout-flow wp-block-column-is-layout-flow\" style=\"flex-basis:50%\">\n<h2 class=\"wp-block-heading has-text-align-left has-huge-font-size\">Alquiler de material profesional<\/h2>\n\n\n\n<p>Alquila s\u00f3lo el equipo que necesites, sin necesidad de paquetes completos. Desde mesas de mezclas y altavoces hasta micr\u00f3fonos y sistemas inal\u00e1mbricos, personaliza tu configuraci\u00f3n a la carta y paga s\u00f3lo por lo que utilices. <\/p>\n\n\n\n<h3 class=\"wp-block-heading\">\u00bfQu\u00e9 es el alquiler en seco?<\/h3>\n\n\n\n<p>El alquiler en seco te da total libertad para montar tu propio sistema de sonido. Elige componentes individuales -consolas, PAs, IEMs y m\u00e1s- por d\u00edas, semanas o meses, sin costes ocultos ni paquetes obligatorios. <\/p>\n<\/div>\n\n\n\n<div class=\"wp-block-column is-vertically-aligned-bottom is-layout-flow wp-block-column-is-layout-flow\" style=\"flex-basis:50%\">\n<figure class=\"wp-block-image aligncenter size-full is-resized has-custom-border\"><img decoding=\"async\" width=\"2560\" height=\"1579\" src=\"https:\/\/whitesoundibiza.com\/wp-content\/uploads\/2024\/01\/Captura-de-pantalla-2023-01-25-a-las-17.11.20-1.png\" alt=\"\" class=\"wp-image-1013\" style=\"border-radius:0px;width:587px;height:auto\" srcset=\"https:\/\/whitesoundibiza.com\/wp-content\/uploads\/2024\/01\/Captura-de-pantalla-2023-01-25-a-las-17.11.20-1.png 2560w, https:\/\/whitesoundibiza.com\/wp-content\/uploads\/2024\/01\/Captura-de-pantalla-2023-01-25-a-las-17.11.20-1-700x432.png 700w, https:\/\/whitesoundibiza.com\/wp-content\/uploads\/2024\/01\/Captura-de-pantalla-2023-01-25-a-las-17.11.20-1-300x185.png 300w, https:\/\/whitesoundibiza.com\/wp-content\/uploads\/2024\/01\/Captura-de-pantalla-2023-01-25-a-las-17.11.20-1-1024x632.png 1024w, https:\/\/whitesoundibiza.com\/wp-content\/uploads\/2024\/01\/Captura-de-pantalla-2023-01-25-a-las-17.11.20-1-768x474.png 768w, https:\/\/whitesoundibiza.com\/wp-content\/uploads\/2024\/01\/Captura-de-pantalla-2023-01-25-a-las-17.11.20-1-1536x947.png 1536w, https:\/\/whitesoundibiza.com\/wp-content\/uploads\/2024\/01\/Captura-de-pantalla-2023-01-25-a-las-17.11.20-1-2048x1263.png 2048w\" sizes=\"(max-width: 2560px) 100vw, 2560px\" \/><\/figure>\n<\/div>\n<\/div>\n\n\n\n<div class=\"wp-block-columns is-layout-flex wp-container-core-columns-is-layout-28f84493 wp-block-columns-is-layout-flex\">\n<div class=\"wp-block-column is-layout-flow wp-block-column-is-layout-flow\">\n<h3 class=\"wp-block-heading has-text-align-left\">C\u00f3mo funciona<\/h3>\n\n\n\n<ol class=\"wp-block-list\">\n<li><strong>Selecciona tu equipo:<\/strong> Consulta nuestro cat\u00e1logo en l\u00ednea y a\u00f1ade art\u00edculos a tu presupuesto.<\/li>\n\n\n\n<li><strong>Elige Fechas:<\/strong> Especifica las horas de entrega y recogida que coincidan con el calendario de tu evento.<\/li>\n\n\n\n<li><strong>Recibir y probar:<\/strong> Realizamos la entrega in situ (o t\u00fa la recoges) con todos los equipos previamente probados.<\/li>\n\n\n\n<li><strong>Dirige tu espect\u00e1culo:<\/strong> Despliega tu sistema sin preocupaciones, con asistencia t\u00e9cnica b\u00e1sica incluida.<\/li>\n\n\n\n<li><strong>Devoluci\u00f3n f\u00e1cil:<\/strong> Recogemos al final de tu periodo de alquiler, sin necesidad de embalar.<\/li>\n<\/ol>\n\n\n\n<div style=\"height:27px\" aria-hidden=\"true\" class=\"wp-block-spacer\"><\/div>\n<\/div>\n<\/div>\n\n\n\n<div class=\"wp-block-columns is-layout-flex wp-container-core-columns-is-layout-28f84493 wp-block-columns-is-layout-flex\">\n<div class=\"wp-block-column is-layout-flow wp-block-column-is-layout-flow\">\n<div class=\"wp-block-cover alignfull wp-duotone-dark-grayscale\" style=\"border-style:none;border-width:0px;border-radius:0px;margin-top:0;margin-bottom:0;padding-top:3vw;padding-right:0vw;padding-bottom:3vw;padding-left:0vw;min-height:263px;aspect-ratio:unset;\"><img decoding=\"async\" width=\"1332\" height=\"1570\" class=\"wp-block-cover__image-background wp-image-47293 size-full\" alt=\"\" src=\"https:\/\/whitesoundibiza.com\/wp-content\/uploads\/2025\/02\/Captura-de-pantalla-2025-02-02-a-las-19.07.32.jpg\" style=\"object-position:52% 48%\" data-object-fit=\"cover\" data-object-position=\"52% 48%\" srcset=\"https:\/\/whitesoundibiza.com\/wp-content\/uploads\/2025\/02\/Captura-de-pantalla-2025-02-02-a-las-19.07.32.jpg 1332w, https:\/\/whitesoundibiza.com\/wp-content\/uploads\/2025\/02\/Captura-de-pantalla-2025-02-02-a-las-19.07.32-700x825.jpg 700w, https:\/\/whitesoundibiza.com\/wp-content\/uploads\/2025\/02\/Captura-de-pantalla-2025-02-02-a-las-19.07.32-255x300.jpg 255w, https:\/\/whitesoundibiza.com\/wp-content\/uploads\/2025\/02\/Captura-de-pantalla-2025-02-02-a-las-19.07.32-869x1024.jpg 869w, https:\/\/whitesoundibiza.com\/wp-content\/uploads\/2025\/02\/Captura-de-pantalla-2025-02-02-a-las-19.07.32-768x905.jpg 768w, https:\/\/whitesoundibiza.com\/wp-content\/uploads\/2025\/02\/Captura-de-pantalla-2025-02-02-a-las-19.07.32-1303x1536.jpg 1303w\" sizes=\"(max-width: 1332px) 100vw, 1332px\" \/><span aria-hidden=\"true\" class=\"wp-block-cover__background has-black-background-color has-background-dim\"><\/span><div class=\"wp-block-cover__inner-container is-layout-flow wp-container-core-cover-is-layout-a8239728 wp-block-cover-is-layout-flow\">\n<div class=\"wp-block-group is-layout-flow wp-container-core-group-is-layout-d6743c7d wp-block-group-is-layout-flow\">\n<p class=\"has-text-align-center has-text-color\" style=\"color:#ede2cc;font-size:58px;font-style:normal;font-weight:700;letter-spacing:-2px;line-height:0.9;text-transform:uppercase\">NUESTRO EQUIPO<\/p>\n\n\n\n<p class=\"has-text-align-center has-text-color\" style=\"color:#ede2cc;font-size:100px;font-style:normal;font-weight:700;letter-spacing:-2px;line-height:1.3;text-transform:uppercase\">CAT\u00c1LOGO<\/p>\n\n\n\n<div style=\"height:48px\" aria-hidden=\"true\" class=\"wp-block-spacer\"><\/div>\n\n\n\n<div class=\"wp-block-buttons is-content-justification-center is-layout-flex wp-container-core-buttons-is-layout-a89b3969 wp-block-buttons-is-layout-flex\">\n<div class=\"wp-block-button is-style-fill\"><a class=\"wp-block-button__link has-background-color has-text-color has-background has-custom-font-size wp-element-button\" href=\"https:\/\/whitesoundibiza.com\/es\/servicios-3\/\" style=\"background-color:#ede2cce0;padding-top:25px;padding-right:29px;padding-bottom:25px;padding-left:29px;font-size:25px;font-style:normal;font-weight:700;letter-spacing:1px;text-transform:uppercase\">Explora<\/a><\/div>\n<\/div>\n<\/div>\n<\/div><\/div>\n<\/div>\n<\/div>\n<\/div>\n<\/div>\n\n<div class=\"wp-block-columns alignwide is-layout-flex wp-container-core-columns-is-layout-28f84493 wp-block-columns-is-layout-flex\">\n<div class=\"wp-block-column is-layout-flow wp-block-column-is-layout-flow\">\n<h2 class=\"wp-block-heading alignwide\">\u00bfListo para construir tu equipo perfecto?<\/h2>\n\n\n\n<p>Ponte en contacto con nosotros hoy mismo para obtener un presupuesto personalizado de alquiler en seco y conseguir el equipo preciso que necesitas para tu pr\u00f3ximo evento en Ibiza.<\/p>\n<\/div>\n<\/div>\n<div class=\"wpforms-container wpforms-container-full wpforms-block wpforms-block-fdb17810-01b2-4563-8618-984fc07c4d20 wpforms-render-modern\" id=\"wpforms-46875\"><form id=\"wpforms-form-46875\" class=\"wpforms-validate wpforms-form wpforms-ajax-form\" data-formid=\"46875\" method=\"post\" enctype=\"multipart\/form-data\" action=\"\/es\/wp-json\/wp\/v2\/pages\/49528\" data-token=\"ac59de1b2a772813bb452057c9434c84\" data-token-time=\"1776961187\"><noscript class=\"wpforms-error-noscript\">Por favor, activa JavaScript en tu navegador para completar este formulario.<\/noscript><div id=\"wpforms-error-noscript\" style=\"display: none;\">Por favor, activa JavaScript en tu navegador para completar este formulario.<\/div><div class=\"wpforms-field-container\">\t\t<div id=\"wpforms-46875-field_4-container\"\n\t\t\tclass=\"wpforms-field wpforms-field-text\"\n\t\t\tdata-field-type=\"text\"\n\t\t\tdata-field-id=\"4\"\n\t\t\t>\n\t\t\t<label class=\"wpforms-field-label\" for=\"wpforms-46875-field_4\" >Email Tel\u00e9fono Name<\/label>\n\t\t\t<input type=\"text\" id=\"wpforms-46875-field_4\" class=\"wpforms-field-medium\" name=\"wpforms[fields][4]\" >\n\t\t<\/div>\n\t\t<div id=\"wpforms-46875-field_1-container\" class=\"wpforms-field wpforms-field-name\" data-field-id=\"1\"><fieldset><legend class=\"wpforms-field-label\">Name <span class=\"wpforms-required-label\" aria-hidden=\"true\">*<\/span><\/legend><div class=\"wpforms-field-row wpforms-field-medium\"><div class=\"wpforms-field-row-block wpforms-first wpforms-one-half\"><input type=\"text\" id=\"wpforms-46875-field_1\" class=\"wpforms-field-name-first wpforms-field-required\" name=\"wpforms[fields][1][first]\" placeholder=\"First\" aria-errormessage=\"wpforms-46875-field_1-error\" required><label for=\"wpforms-46875-field_1\" class=\"wpforms-field-sublabel after wpforms-sublabel-hide\">First<\/label><\/div><div class=\"wpforms-field-row-block wpforms-one-half\"><input type=\"text\" id=\"wpforms-46875-field_1-last\" class=\"wpforms-field-name-last wpforms-field-required\" name=\"wpforms[fields][1][last]\" placeholder=\"Last\" aria-errormessage=\"wpforms-46875-field_1-last-error\" required><label for=\"wpforms-46875-field_1-last\" class=\"wpforms-field-sublabel after wpforms-sublabel-hide\">Last<\/label><\/div><\/div><\/fieldset><\/div><div id=\"wpforms-46875-field_8-container\" class=\"wpforms-field wpforms-field-layout\" data-field-id=\"8\"><div class=\"wpforms-field-layout-rows wpforms-field-large\"><div class=\"wpforms-layout-row\"><div class=\"wpforms-layout-column wpforms-layout-column-50\"><div id=\"wpforms-46875-field_2-container\" class=\"wpforms-field wpforms-field-email\" data-field-id=\"2\"><label class=\"wpforms-field-label\" for=\"wpforms-46875-field_2\">Email <span class=\"wpforms-required-label\" aria-hidden=\"true\">*<\/span><\/label><input type=\"email\" id=\"wpforms-46875-field_2\" class=\"wpforms-field-medium wpforms-field-required\" name=\"wpforms[fields][2]\" placeholder=\"Email\" spellcheck=\"false\" aria-errormessage=\"wpforms-46875-field_2-error\" required><\/div><\/div><div class=\"wpforms-layout-column wpforms-layout-column-50\"><div id=\"wpforms-46875-field_7-container\" class=\"wpforms-field wpforms-field-phone\" data-field-id=\"7\"><label class=\"wpforms-field-label\" for=\"wpforms-46875-field_7\">Tel\u00e9fono<\/label><input type=\"tel\" id=\"wpforms-46875-field_7\" class=\"wpforms-field-small wpforms-smart-phone-field\" data-rule-smart-phone-field=\"true\" name=\"wpforms[fields][7]\" placeholder=\"Phone\" aria-label=\"Tel\u00e9fono\" aria-errormessage=\"wpforms-46875-field_7-error\" ><\/div><\/div><\/div><\/div><\/div><div id=\"wpforms-46875-field_3-container\" class=\"wpforms-field wpforms-field-textarea\" data-field-id=\"3\"><label class=\"wpforms-field-label\" for=\"wpforms-46875-field_3\">Message<\/label><textarea id=\"wpforms-46875-field_3\" class=\"wpforms-field-small\" name=\"wpforms[fields][3]\" placeholder=\"Message\" aria-errormessage=\"wpforms-46875-field_3-error\" >How we can help you?<\/textarea><\/div><script>\n\t\t\t\t( function() {\n\t\t\t\t\tconst style = document.createElement( 'style' );\n\t\t\t\t\tstyle.appendChild( document.createTextNode( '#wpforms-46875-field_4-container { position: absolute !important; overflow: hidden !important; display: inline !important; height: 1px !important; width: 1px !important; z-index: -1000 !important; padding: 0 !important; } #wpforms-46875-field_4-container input { visibility: hidden; } #wpforms-conversational-form-page #wpforms-46875-field_4-container label { counter-increment: none; }' ) );\n\t\t\t\t\tdocument.head.appendChild( style );\n\t\t\t\t\tdocument.currentScript?.remove();\n\t\t\t\t} )();\n\t\t\t<\/script><\/div><!-- .wpforms-field-container --><div class=\"wpforms-recaptcha-container wpforms-is-recaptcha wpforms-is-recaptcha-type-v2\" ><div class=\"g-recaptcha\" data-sitekey=\"6LeS7gEkAAAAAO-EsXRwxTakHs6Q_9Z0rQYHkIS5\"><\/div><input type=\"text\" name=\"g-recaptcha-hidden\" class=\"wpforms-recaptcha-hidden\" style=\"position:absolute!important;clip:rect(0,0,0,0)!important;height:1px!important;width:1px!important;border:0!important;overflow:hidden!important;padding:0!important;margin:0!important;\" data-rule-recaptcha=\"1\"><\/div><div class=\"wpforms-submit-container\" ><input type=\"hidden\" name=\"wpforms[id]\" value=\"46875\"><input type=\"hidden\" name=\"page_title\" value=\"\"><input type=\"hidden\" name=\"page_url\" value=\"https:\/\/whitesoundibiza.com\/es\/wp-json\/wp\/v2\/pages\/49528\"><input type=\"hidden\" name=\"url_referer\" value=\"\"><button type=\"submit\" name=\"wpforms[submit]\" id=\"wpforms-submit-46875\" class=\"wpforms-submit\" data-alt-text=\"Sending...\" data-submit-text=\"Send Message\" aria-live=\"assertive\" value=\"wpforms-submit\">Send Message<\/button><img decoding=\"async\" src=\"https:\/\/whitesoundibiza.com\/wp-content\/plugins\/wpforms\/assets\/images\/submit-spin.svg\" class=\"wpforms-submit-spinner\" style=\"display: none;\" width=\"26\" height=\"26\" alt=\"Cargando\"><\/div><\/form><\/div>  <!-- .wpforms-container -->","protected":false},"excerpt":{"rendered":"<p>Alquiler de material profesional Alquila s\u00f3lo el equipo que necesites, sin necesidad de paquetes completos. Desde mesas de mezclas y altavoces hasta micr\u00f3fonos y sistemas [&hellip;]<\/p>\n","protected":false},"author":1,"featured_media":47908,"parent":0,"menu_order":0,"comment_status":"closed","ping_status":"closed","template":"","meta":{"_joinchat":[],"footnotes":""},"class_list":["post-49528","page","type-page","status-publish","has-post-thumbnail","hentry"],"yoast_head":"<!-- This site is optimized with the Yoast SEO plugin v27.4 - https:\/\/yoast.com\/product\/yoast-seo-wordpress\/ -->\n<title>White Sound Ibiza - Delivering Fun | Alquiler de Altavoces en Ibiza<\/title>\n<meta name=\"description\" content=\"Descubre el alquiler de altavoces premium en Ibiza en White Sound. Elige entre las mejores marcas, como D&amp;B, Digico y EV, para obtener una alta calidad de audio en tus eventos.\" \/>\n<meta name=\"robots\" content=\"index, follow, max-snippet:-1, max-image-preview:large, max-video-preview:-1\" \/>\n<link rel=\"canonical\" href=\"https:\/\/whitesoundibiza.com\/es\/sistema-de-sonido-2\/\" \/>\n<meta property=\"og:locale\" content=\"es_ES\" \/>\n<meta property=\"og:type\" content=\"article\" \/>\n<meta property=\"og:title\" content=\"White Sound Ibiza - Delivering Fun | Alquiler de Altavoces en Ibiza\" \/>\n<meta property=\"og:description\" content=\"Descubre el alquiler de altavoces premium en Ibiza en White Sound. Elige entre las mejores marcas, como D&amp;B, Digico y EV, para obtener una alta calidad de audio en tus eventos.\" \/>\n<meta property=\"og:url\" content=\"https:\/\/whitesoundibiza.com\/es\/sistema-de-sonido-2\/\" \/>\n<meta property=\"og:site_name\" content=\"White Sound Ibiza - Delivering Fun\" \/>\n<meta property=\"article:modified_time\" content=\"2025-07-04T15:33:01+00:00\" \/>\n<meta property=\"og:image\" content=\"https:\/\/whitesoundibiza.com\/wp-content\/uploads\/2024\/01\/Captura-de-pantalla-2023-01-25-a-las-18.00.20.png\" \/>\n\t<meta property=\"og:image:width\" content=\"2190\" \/>\n\t<meta property=\"og:image:height\" content=\"1460\" \/>\n\t<meta property=\"og:image:type\" content=\"image\/png\" \/>\n<meta name=\"twitter:card\" content=\"summary_large_image\" \/>\n<meta name=\"twitter:label1\" content=\"Tiempo de lectura\" \/>\n\t<meta name=\"twitter:data1\" content=\"4 minutos\" \/>\n<script type=\"application\/ld+json\" class=\"yoast-schema-graph\">{\"@context\":\"https:\\\/\\\/schema.org\",\"@graph\":[{\"@type\":\"WebPage\",\"@id\":\"https:\\\/\\\/whitesoundibiza.com\\\/es\\\/sistema-de-sonido-2\\\/\",\"url\":\"https:\\\/\\\/whitesoundibiza.com\\\/es\\\/sistema-de-sonido-2\\\/\",\"name\":\"White Sound Ibiza - Delivering Fun | Alquiler de Altavoces en Ibiza\",\"isPartOf\":{\"@id\":\"https:\\\/\\\/whitesoundibiza.com\\\/es\\\/#website\"},\"primaryImageOfPage\":{\"@id\":\"https:\\\/\\\/whitesoundibiza.com\\\/es\\\/sistema-de-sonido-2\\\/#primaryimage\"},\"image\":{\"@id\":\"https:\\\/\\\/whitesoundibiza.com\\\/es\\\/sistema-de-sonido-2\\\/#primaryimage\"},\"thumbnailUrl\":\"https:\\\/\\\/whitesoundibiza.com\\\/wp-content\\\/uploads\\\/2024\\\/01\\\/Captura-de-pantalla-2023-01-25-a-las-18.00.20.png\",\"datePublished\":\"2025-05-20T14:44:37+00:00\",\"dateModified\":\"2025-07-04T15:33:01+00:00\",\"description\":\"Descubre el alquiler de altavoces premium en Ibiza en White Sound. Elige entre las mejores marcas, como D&B, Digico y EV, para obtener una alta calidad de audio en tus eventos.\",\"breadcrumb\":{\"@id\":\"https:\\\/\\\/whitesoundibiza.com\\\/es\\\/sistema-de-sonido-2\\\/#breadcrumb\"},\"inLanguage\":\"es\",\"potentialAction\":[{\"@type\":\"ReadAction\",\"target\":[\"https:\\\/\\\/whitesoundibiza.com\\\/es\\\/sistema-de-sonido-2\\\/\"]}]},{\"@type\":\"ImageObject\",\"inLanguage\":\"es\",\"@id\":\"https:\\\/\\\/whitesoundibiza.com\\\/es\\\/sistema-de-sonido-2\\\/#primaryimage\",\"url\":\"https:\\\/\\\/whitesoundibiza.com\\\/wp-content\\\/uploads\\\/2024\\\/01\\\/Captura-de-pantalla-2023-01-25-a-las-18.00.20.png\",\"contentUrl\":\"https:\\\/\\\/whitesoundibiza.com\\\/wp-content\\\/uploads\\\/2024\\\/01\\\/Captura-de-pantalla-2023-01-25-a-las-18.00.20.png\",\"width\":2190,\"height\":1460},{\"@type\":\"BreadcrumbList\",\"@id\":\"https:\\\/\\\/whitesoundibiza.com\\\/es\\\/sistema-de-sonido-2\\\/#breadcrumb\",\"itemListElement\":[{\"@type\":\"ListItem\",\"position\":1,\"name\":\"Portada\",\"item\":\"https:\\\/\\\/whitesoundibiza.com\\\/es\\\/\"},{\"@type\":\"ListItem\",\"position\":2,\"name\":\"Alquiler en seco\"}]},{\"@type\":\"WebSite\",\"@id\":\"https:\\\/\\\/whitesoundibiza.com\\\/es\\\/#website\",\"url\":\"https:\\\/\\\/whitesoundibiza.com\\\/es\\\/\",\"name\":\"White Sound Ibiza\",\"description\":\"Rent Speakers in Ibiza\",\"publisher\":{\"@id\":\"https:\\\/\\\/whitesoundibiza.com\\\/es\\\/#organization\"},\"potentialAction\":[{\"@type\":\"SearchAction\",\"target\":{\"@type\":\"EntryPoint\",\"urlTemplate\":\"https:\\\/\\\/whitesoundibiza.com\\\/es\\\/?s={search_term_string}\"},\"query-input\":{\"@type\":\"PropertyValueSpecification\",\"valueRequired\":true,\"valueName\":\"search_term_string\"}}],\"inLanguage\":\"es\"},{\"@type\":\"Organization\",\"@id\":\"https:\\\/\\\/whitesoundibiza.com\\\/es\\\/#organization\",\"name\":\"White Sound Ibiza\",\"url\":\"https:\\\/\\\/whitesoundibiza.com\\\/es\\\/\",\"logo\":{\"@type\":\"ImageObject\",\"inLanguage\":\"es\",\"@id\":\"https:\\\/\\\/whitesoundibiza.com\\\/es\\\/#\\\/schema\\\/logo\\\/image\\\/\",\"url\":\"https:\\\/\\\/whitesoundibiza.com\\\/wp-content\\\/uploads\\\/2025\\\/05\\\/ws_logo.jpg\",\"contentUrl\":\"https:\\\/\\\/whitesoundibiza.com\\\/wp-content\\\/uploads\\\/2025\\\/05\\\/ws_logo.jpg\",\"width\":800,\"height\":235,\"caption\":\"White Sound Ibiza\"},\"image\":{\"@id\":\"https:\\\/\\\/whitesoundibiza.com\\\/es\\\/#\\\/schema\\\/logo\\\/image\\\/\"}}]}<\/script>\n<!-- \/ Yoast SEO plugin. -->","yoast_head_json":{"title":"White Sound Ibiza - Delivering Fun | Alquiler de Altavoces en Ibiza","description":"Descubre el alquiler de altavoces premium en Ibiza en White Sound. Elige entre las mejores marcas, como D&B, Digico y EV, para obtener una alta calidad de audio en tus eventos.","robots":{"index":"index","follow":"follow","max-snippet":"max-snippet:-1","max-image-preview":"max-image-preview:large","max-video-preview":"max-video-preview:-1"},"canonical":"https:\/\/whitesoundibiza.com\/es\/sistema-de-sonido-2\/","og_locale":"es_ES","og_type":"article","og_title":"White Sound Ibiza - Delivering Fun | Alquiler de Altavoces en Ibiza","og_description":"Descubre el alquiler de altavoces premium en Ibiza en White Sound. Elige entre las mejores marcas, como D&B, Digico y EV, para obtener una alta calidad de audio en tus eventos.","og_url":"https:\/\/whitesoundibiza.com\/es\/sistema-de-sonido-2\/","og_site_name":"White Sound Ibiza - Delivering Fun","article_modified_time":"2025-07-04T15:33:01+00:00","og_image":[{"width":2190,"height":1460,"url":"https:\/\/whitesoundibiza.com\/wp-content\/uploads\/2024\/01\/Captura-de-pantalla-2023-01-25-a-las-18.00.20.png","type":"image\/png"}],"twitter_card":"summary_large_image","twitter_misc":{"Tiempo de lectura":"4 minutos"},"schema":{"@context":"https:\/\/schema.org","@graph":[{"@type":"WebPage","@id":"https:\/\/whitesoundibiza.com\/es\/sistema-de-sonido-2\/","url":"https:\/\/whitesoundibiza.com\/es\/sistema-de-sonido-2\/","name":"White Sound Ibiza - Delivering Fun | Alquiler de Altavoces en Ibiza","isPartOf":{"@id":"https:\/\/whitesoundibiza.com\/es\/#website"},"primaryImageOfPage":{"@id":"https:\/\/whitesoundibiza.com\/es\/sistema-de-sonido-2\/#primaryimage"},"image":{"@id":"https:\/\/whitesoundibiza.com\/es\/sistema-de-sonido-2\/#primaryimage"},"thumbnailUrl":"https:\/\/whitesoundibiza.com\/wp-content\/uploads\/2024\/01\/Captura-de-pantalla-2023-01-25-a-las-18.00.20.png","datePublished":"2025-05-20T14:44:37+00:00","dateModified":"2025-07-04T15:33:01+00:00","description":"Descubre el alquiler de altavoces premium en Ibiza en White Sound. Elige entre las mejores marcas, como D&B, Digico y EV, para obtener una alta calidad de audio en tus eventos.","breadcrumb":{"@id":"https:\/\/whitesoundibiza.com\/es\/sistema-de-sonido-2\/#breadcrumb"},"inLanguage":"es","potentialAction":[{"@type":"ReadAction","target":["https:\/\/whitesoundibiza.com\/es\/sistema-de-sonido-2\/"]}]},{"@type":"ImageObject","inLanguage":"es","@id":"https:\/\/whitesoundibiza.com\/es\/sistema-de-sonido-2\/#primaryimage","url":"https:\/\/whitesoundibiza.com\/wp-content\/uploads\/2024\/01\/Captura-de-pantalla-2023-01-25-a-las-18.00.20.png","contentUrl":"https:\/\/whitesoundibiza.com\/wp-content\/uploads\/2024\/01\/Captura-de-pantalla-2023-01-25-a-las-18.00.20.png","width":2190,"height":1460},{"@type":"BreadcrumbList","@id":"https:\/\/whitesoundibiza.com\/es\/sistema-de-sonido-2\/#breadcrumb","itemListElement":[{"@type":"ListItem","position":1,"name":"Portada","item":"https:\/\/whitesoundibiza.com\/es\/"},{"@type":"ListItem","position":2,"name":"Alquiler en seco"}]},{"@type":"WebSite","@id":"https:\/\/whitesoundibiza.com\/es\/#website","url":"https:\/\/whitesoundibiza.com\/es\/","name":"White Sound Ibiza","description":"Rent Speakers in Ibiza","publisher":{"@id":"https:\/\/whitesoundibiza.com\/es\/#organization"},"potentialAction":[{"@type":"SearchAction","target":{"@type":"EntryPoint","urlTemplate":"https:\/\/whitesoundibiza.com\/es\/?s={search_term_string}"},"query-input":{"@type":"PropertyValueSpecification","valueRequired":true,"valueName":"search_term_string"}}],"inLanguage":"es"},{"@type":"Organization","@id":"https:\/\/whitesoundibiza.com\/es\/#organization","name":"White Sound Ibiza","url":"https:\/\/whitesoundibiza.com\/es\/","logo":{"@type":"ImageObject","inLanguage":"es","@id":"https:\/\/whitesoundibiza.com\/es\/#\/schema\/logo\/image\/","url":"https:\/\/whitesoundibiza.com\/wp-content\/uploads\/2025\/05\/ws_logo.jpg","contentUrl":"https:\/\/whitesoundibiza.com\/wp-content\/uploads\/2025\/05\/ws_logo.jpg","width":800,"height":235,"caption":"White Sound Ibiza"},"image":{"@id":"https:\/\/whitesoundibiza.com\/es\/#\/schema\/logo\/image\/"}}]}},"_links":{"self":[{"href":"https:\/\/whitesoundibiza.com\/es\/wp-json\/wp\/v2\/pages\/49528","targetHints":{"allow":["GET"]}}],"collection":[{"href":"https:\/\/whitesoundibiza.com\/es\/wp-json\/wp\/v2\/pages"}],"about":[{"href":"https:\/\/whitesoundibiza.com\/es\/wp-json\/wp\/v2\/types\/page"}],"author":[{"embeddable":true,"href":"https:\/\/whitesoundibiza.com\/es\/wp-json\/wp\/v2\/users\/1"}],"replies":[{"embeddable":true,"href":"https:\/\/whitesoundibiza.com\/es\/wp-json\/wp\/v2\/comments?post=49528"}],"version-history":[{"count":0,"href":"https:\/\/whitesoundibiza.com\/es\/wp-json\/wp\/v2\/pages\/49528\/revisions"}],"wp:featuredmedia":[{"embeddable":true,"href":"https:\/\/whitesoundibiza.com\/es\/wp-json\/wp\/v2\/media\/47908"}],"wp:attachment":[{"href":"https:\/\/whitesoundibiza.com\/es\/wp-json\/wp\/v2\/media?parent=49528"}],"curies":[{"name":"wp","href":"https:\/\/api.w.org\/{rel}","templated":true}]}}