{"id":48341,"date":"2024-01-17T11:42:57","date_gmt":"2024-01-17T11:42:57","guid":{"rendered":"https:\/\/whitesoundibiza.com\/potencia\/"},"modified":"2025-05-16T13:56:55","modified_gmt":"2025-05-16T13:56:55","slug":"potencia","status":"publish","type":"page","link":"https:\/\/whitesoundibiza.com\/es\/potencia\/","title":{"rendered":"Potencia"},"content":{"rendered":"\n<div class=\"wp-block-group alignwide gizmo-container-spacing-15 is-layout-constrained wp-block-group-is-layout-constrained\" style=\"padding-top:8px\">\n<div class=\"wp-block-group alignwide is-layout-flow wp-block-group-is-layout-flow\">\n<div class=\"wp-block-columns is-layout-flex wp-container-core-columns-is-layout-28f84493 wp-block-columns-is-layout-flex\">\n<div class=\"wp-block-column is-vertically-aligned-top is-layout-flow wp-block-column-is-layout-flow\" style=\"flex-basis:50%\">\n<h2 class=\"wp-block-heading has-text-align-left has-huge-font-size\">  Potencia<\/h2>\n\n\n\n<hr class=\"wp-block-separator has-text-color has-black-color has-alpha-channel-opacity has-black-background-color has-background is-style-wide\"\/>\n<\/div>\n\n\n\n<div class=\"wp-block-column is-vertically-aligned-bottom is-layout-flow wp-block-column-is-layout-flow\" style=\"flex-basis:50%\"><\/div>\n<\/div>\n\n\n\n[booqable_list tags=&#8221;power&#8221;]\n<\/div>\n\n\n\n<div style=\"height:68px\" aria-hidden=\"true\" class=\"wp-block-spacer\"><\/div>\n\n\n\n<div class=\"wp-block-columns is-layout-flex wp-container-core-columns-is-layout-28f84493 wp-block-columns-is-layout-flex\">\n<div class=\"wp-block-column is-layout-flow wp-block-column-is-layout-flow\"><\/div>\n<\/div>\n<\/div>\n","protected":false},"excerpt":{"rendered":"<p>Potencia [booqable_list tags=&#8221;power&#8221;]<\/p>\n","protected":false},"author":1,"featured_media":47935,"parent":0,"menu_order":0,"comment_status":"closed","ping_status":"closed","template":"","meta":{"_joinchat":[],"footnotes":""},"class_list":["post-48341","page","type-page","status-publish","has-post-thumbnail","hentry"],"yoast_head":"<!-- This site is optimized with the Yoast SEO plugin v27.4 - https:\/\/yoast.com\/product\/yoast-seo-wordpress\/ -->\n<title>White Sound Ibiza | Distribuci\u00f3n de energ\u00eda<\/title>\n<meta name=\"description\" content=\"Alquila grupos electr\u00f3genos m\u00f3viles y distribuidores de energ\u00eda en Ibiza. Entrega en cualquier punto de la isla. Ponte en contacto con nosotros.\" \/>\n<meta name=\"robots\" content=\"index, follow, max-snippet:-1, max-image-preview:large, max-video-preview:-1\" \/>\n<link rel=\"canonical\" href=\"https:\/\/whitesoundibiza.com\/es\/potencia\/\" \/>\n<meta property=\"og:locale\" content=\"es_ES\" \/>\n<meta property=\"og:type\" content=\"article\" \/>\n<meta property=\"og:title\" content=\"White Sound Ibiza | Distribuci\u00f3n de energ\u00eda\" \/>\n<meta property=\"og:description\" content=\"Alquila grupos electr\u00f3genos m\u00f3viles y distribuidores de energ\u00eda en Ibiza. Entrega en cualquier punto de la isla. Ponte en contacto con nosotros.\" \/>\n<meta property=\"og:url\" content=\"https:\/\/whitesoundibiza.com\/es\/potencia\/\" \/>\n<meta property=\"og:site_name\" content=\"White Sound Ibiza - Delivering Fun\" \/>\n<meta property=\"article:modified_time\" content=\"2025-05-16T13:56:55+00:00\" \/>\n<meta property=\"og:image\" content=\"https:\/\/whitesoundibiza.com\/wp-content\/uploads\/2024\/01\/creta.jpg\" \/>\n\t<meta property=\"og:image:width\" content=\"500\" \/>\n\t<meta property=\"og:image:height\" content=\"500\" \/>\n\t<meta property=\"og:image:type\" content=\"image\/jpeg\" \/>\n<meta name=\"twitter:card\" content=\"summary_large_image\" \/>\n<script type=\"application\/ld+json\" class=\"yoast-schema-graph\">{\"@context\":\"https:\\\/\\\/schema.org\",\"@graph\":[{\"@type\":\"WebPage\",\"@id\":\"https:\\\/\\\/whitesoundibiza.com\\\/es\\\/potencia\\\/\",\"url\":\"https:\\\/\\\/whitesoundibiza.com\\\/es\\\/potencia\\\/\",\"name\":\"White Sound Ibiza | Distribuci\u00f3n de energ\u00eda\",\"isPartOf\":{\"@id\":\"https:\\\/\\\/whitesoundibiza.com\\\/es\\\/#website\"},\"primaryImageOfPage\":{\"@id\":\"https:\\\/\\\/whitesoundibiza.com\\\/es\\\/potencia\\\/#primaryimage\"},\"image\":{\"@id\":\"https:\\\/\\\/whitesoundibiza.com\\\/es\\\/potencia\\\/#primaryimage\"},\"thumbnailUrl\":\"https:\\\/\\\/whitesoundibiza.com\\\/wp-content\\\/uploads\\\/2024\\\/01\\\/creta.jpg\",\"datePublished\":\"2024-01-17T11:42:57+00:00\",\"dateModified\":\"2025-05-16T13:56:55+00:00\",\"description\":\"Alquila grupos electr\u00f3genos m\u00f3viles y distribuidores de energ\u00eda en Ibiza. Entrega en cualquier punto de la isla. Ponte en contacto con nosotros.\",\"breadcrumb\":{\"@id\":\"https:\\\/\\\/whitesoundibiza.com\\\/es\\\/potencia\\\/#breadcrumb\"},\"inLanguage\":\"es\",\"potentialAction\":[{\"@type\":\"ReadAction\",\"target\":[\"https:\\\/\\\/whitesoundibiza.com\\\/es\\\/potencia\\\/\"]}]},{\"@type\":\"ImageObject\",\"inLanguage\":\"es\",\"@id\":\"https:\\\/\\\/whitesoundibiza.com\\\/es\\\/potencia\\\/#primaryimage\",\"url\":\"https:\\\/\\\/whitesoundibiza.com\\\/wp-content\\\/uploads\\\/2024\\\/01\\\/creta.jpg\",\"contentUrl\":\"https:\\\/\\\/whitesoundibiza.com\\\/wp-content\\\/uploads\\\/2024\\\/01\\\/creta.jpg\",\"width\":500,\"height\":500},{\"@type\":\"BreadcrumbList\",\"@id\":\"https:\\\/\\\/whitesoundibiza.com\\\/es\\\/potencia\\\/#breadcrumb\",\"itemListElement\":[{\"@type\":\"ListItem\",\"position\":1,\"name\":\"Portada\",\"item\":\"https:\\\/\\\/whitesoundibiza.com\\\/es\\\/\"},{\"@type\":\"ListItem\",\"position\":2,\"name\":\"Potencia\"}]},{\"@type\":\"WebSite\",\"@id\":\"https:\\\/\\\/whitesoundibiza.com\\\/es\\\/#website\",\"url\":\"https:\\\/\\\/whitesoundibiza.com\\\/es\\\/\",\"name\":\"White Sound Ibiza\",\"description\":\"Rent Speakers in Ibiza\",\"publisher\":{\"@id\":\"https:\\\/\\\/whitesoundibiza.com\\\/es\\\/#organization\"},\"potentialAction\":[{\"@type\":\"SearchAction\",\"target\":{\"@type\":\"EntryPoint\",\"urlTemplate\":\"https:\\\/\\\/whitesoundibiza.com\\\/es\\\/?s={search_term_string}\"},\"query-input\":{\"@type\":\"PropertyValueSpecification\",\"valueRequired\":true,\"valueName\":\"search_term_string\"}}],\"inLanguage\":\"es\"},{\"@type\":\"Organization\",\"@id\":\"https:\\\/\\\/whitesoundibiza.com\\\/es\\\/#organization\",\"name\":\"White Sound Ibiza\",\"url\":\"https:\\\/\\\/whitesoundibiza.com\\\/es\\\/\",\"logo\":{\"@type\":\"ImageObject\",\"inLanguage\":\"es\",\"@id\":\"https:\\\/\\\/whitesoundibiza.com\\\/es\\\/#\\\/schema\\\/logo\\\/image\\\/\",\"url\":\"https:\\\/\\\/whitesoundibiza.com\\\/wp-content\\\/uploads\\\/2025\\\/05\\\/ws_logo.jpg\",\"contentUrl\":\"https:\\\/\\\/whitesoundibiza.com\\\/wp-content\\\/uploads\\\/2025\\\/05\\\/ws_logo.jpg\",\"width\":800,\"height\":235,\"caption\":\"White Sound Ibiza\"},\"image\":{\"@id\":\"https:\\\/\\\/whitesoundibiza.com\\\/es\\\/#\\\/schema\\\/logo\\\/image\\\/\"}}]}<\/script>\n<!-- \/ Yoast SEO plugin. -->","yoast_head_json":{"title":"White Sound Ibiza | Distribuci\u00f3n de energ\u00eda","description":"Alquila grupos electr\u00f3genos m\u00f3viles y distribuidores de energ\u00eda en Ibiza. Entrega en cualquier punto de la isla. Ponte en contacto con nosotros.","robots":{"index":"index","follow":"follow","max-snippet":"max-snippet:-1","max-image-preview":"max-image-preview:large","max-video-preview":"max-video-preview:-1"},"canonical":"https:\/\/whitesoundibiza.com\/es\/potencia\/","og_locale":"es_ES","og_type":"article","og_title":"White Sound Ibiza | Distribuci\u00f3n de energ\u00eda","og_description":"Alquila grupos electr\u00f3genos m\u00f3viles y distribuidores de energ\u00eda en Ibiza. Entrega en cualquier punto de la isla. Ponte en contacto con nosotros.","og_url":"https:\/\/whitesoundibiza.com\/es\/potencia\/","og_site_name":"White Sound Ibiza - Delivering Fun","article_modified_time":"2025-05-16T13:56:55+00:00","og_image":[{"width":500,"height":500,"url":"https:\/\/whitesoundibiza.com\/wp-content\/uploads\/2024\/01\/creta.jpg","type":"image\/jpeg"}],"twitter_card":"summary_large_image","schema":{"@context":"https:\/\/schema.org","@graph":[{"@type":"WebPage","@id":"https:\/\/whitesoundibiza.com\/es\/potencia\/","url":"https:\/\/whitesoundibiza.com\/es\/potencia\/","name":"White Sound Ibiza | Distribuci\u00f3n de energ\u00eda","isPartOf":{"@id":"https:\/\/whitesoundibiza.com\/es\/#website"},"primaryImageOfPage":{"@id":"https:\/\/whitesoundibiza.com\/es\/potencia\/#primaryimage"},"image":{"@id":"https:\/\/whitesoundibiza.com\/es\/potencia\/#primaryimage"},"thumbnailUrl":"https:\/\/whitesoundibiza.com\/wp-content\/uploads\/2024\/01\/creta.jpg","datePublished":"2024-01-17T11:42:57+00:00","dateModified":"2025-05-16T13:56:55+00:00","description":"Alquila grupos electr\u00f3genos m\u00f3viles y distribuidores de energ\u00eda en Ibiza. Entrega en cualquier punto de la isla. Ponte en contacto con nosotros.","breadcrumb":{"@id":"https:\/\/whitesoundibiza.com\/es\/potencia\/#breadcrumb"},"inLanguage":"es","potentialAction":[{"@type":"ReadAction","target":["https:\/\/whitesoundibiza.com\/es\/potencia\/"]}]},{"@type":"ImageObject","inLanguage":"es","@id":"https:\/\/whitesoundibiza.com\/es\/potencia\/#primaryimage","url":"https:\/\/whitesoundibiza.com\/wp-content\/uploads\/2024\/01\/creta.jpg","contentUrl":"https:\/\/whitesoundibiza.com\/wp-content\/uploads\/2024\/01\/creta.jpg","width":500,"height":500},{"@type":"BreadcrumbList","@id":"https:\/\/whitesoundibiza.com\/es\/potencia\/#breadcrumb","itemListElement":[{"@type":"ListItem","position":1,"name":"Portada","item":"https:\/\/whitesoundibiza.com\/es\/"},{"@type":"ListItem","position":2,"name":"Potencia"}]},{"@type":"WebSite","@id":"https:\/\/whitesoundibiza.com\/es\/#website","url":"https:\/\/whitesoundibiza.com\/es\/","name":"White Sound Ibiza","description":"Rent Speakers in Ibiza","publisher":{"@id":"https:\/\/whitesoundibiza.com\/es\/#organization"},"potentialAction":[{"@type":"SearchAction","target":{"@type":"EntryPoint","urlTemplate":"https:\/\/whitesoundibiza.com\/es\/?s={search_term_string}"},"query-input":{"@type":"PropertyValueSpecification","valueRequired":true,"valueName":"search_term_string"}}],"inLanguage":"es"},{"@type":"Organization","@id":"https:\/\/whitesoundibiza.com\/es\/#organization","name":"White Sound Ibiza","url":"https:\/\/whitesoundibiza.com\/es\/","logo":{"@type":"ImageObject","inLanguage":"es","@id":"https:\/\/whitesoundibiza.com\/es\/#\/schema\/logo\/image\/","url":"https:\/\/whitesoundibiza.com\/wp-content\/uploads\/2025\/05\/ws_logo.jpg","contentUrl":"https:\/\/whitesoundibiza.com\/wp-content\/uploads\/2025\/05\/ws_logo.jpg","width":800,"height":235,"caption":"White Sound Ibiza"},"image":{"@id":"https:\/\/whitesoundibiza.com\/es\/#\/schema\/logo\/image\/"}}]}},"_links":{"self":[{"href":"https:\/\/whitesoundibiza.com\/es\/wp-json\/wp\/v2\/pages\/48341","targetHints":{"allow":["GET"]}}],"collection":[{"href":"https:\/\/whitesoundibiza.com\/es\/wp-json\/wp\/v2\/pages"}],"about":[{"href":"https:\/\/whitesoundibiza.com\/es\/wp-json\/wp\/v2\/types\/page"}],"author":[{"embeddable":true,"href":"https:\/\/whitesoundibiza.com\/es\/wp-json\/wp\/v2\/users\/1"}],"replies":[{"embeddable":true,"href":"https:\/\/whitesoundibiza.com\/es\/wp-json\/wp\/v2\/comments?post=48341"}],"version-history":[{"count":0,"href":"https:\/\/whitesoundibiza.com\/es\/wp-json\/wp\/v2\/pages\/48341\/revisions"}],"wp:featuredmedia":[{"embeddable":true,"href":"https:\/\/whitesoundibiza.com\/es\/wp-json\/wp\/v2\/media\/47935"}],"wp:attachment":[{"href":"https:\/\/whitesoundibiza.com\/es\/wp-json\/wp\/v2\/media?parent=48341"}],"curies":[{"name":"wp","href":"https:\/\/api.w.org\/{rel}","templated":true}]}}