{"id":48335,"date":"2024-03-13T16:08:53","date_gmt":"2024-03-13T16:08:53","guid":{"rendered":"https:\/\/whitesoundibiza.com\/instalaciones\/"},"modified":"2025-07-04T15:33:21","modified_gmt":"2025-07-04T15:33:21","slug":"instalaciones","status":"publish","type":"page","link":"https:\/\/whitesoundibiza.com\/es\/instalaciones\/","title":{"rendered":"Instalaciones"},"content":{"rendered":"\n<div class=\"wp-block-group alignwide gizmo-container-spacing-15 is-layout-constrained wp-block-group-is-layout-constrained\" style=\"padding-top:8px\">\n<div class=\"wp-block-group alignwide is-layout-flow wp-block-group-is-layout-flow\">\n<div class=\"wp-block-columns is-layout-flex wp-container-core-columns-is-layout-28f84493 wp-block-columns-is-layout-flex\">\n<div class=\"wp-block-column is-vertically-aligned-top is-layout-flow wp-block-column-is-layout-flow\" style=\"flex-basis:100%\">\n<h2 class=\"wp-block-heading has-text-align-left has-extra-large-font-size\">Instalaciones fijas &#8211; Sonido e iluminaci\u00f3n profesionales<\/h2>\n\n\n\n<p>Transforma permanentemente restaurantes, clubes de playa y residencias privadas de toda Ibiza con sistemas audiovisuales dise\u00f1ados por expertos que se integran perfectamente en tu espacio.<\/p>\n<\/div>\n<\/div>\n\n\n\n<div class=\"wp-block-columns is-layout-flex wp-container-core-columns-is-layout-28f84493 wp-block-columns-is-layout-flex\">\n<div class=\"wp-block-column is-vertically-aligned-top is-layout-flow wp-block-column-is-layout-flow\" style=\"flex-basis:50%\">\n<h2 class=\"wp-block-heading has-large-font-size\">Restaurantes<\/h2>\n\n\n\n<p>Crea el ambiente perfecto con zonas de m\u00fasica de fondo, altavoces discretos instalados en el techo o en la pared y controles de iluminaci\u00f3n ambiental. Desde un suave ambiente ac\u00fastico en el almuerzo hasta ritmos alegres en la cena, adaptamos cada detalle a tu concepto culinario. <\/p>\n\n\n\n<h2 class=\"wp-block-heading has-large-font-size\">Clubs de playa<\/h2>\n\n\n\n<p>Haz que la fiesta fluya junto al mar con linearrays resistentes a la intemperie, potentes subwoofers y din\u00e1micos equipos de iluminaci\u00f3n. Nuestras instalaciones permanentes resisten el aire salado y la humedad, a la vez que ofrecen un sonido cristalino y espect\u00e1culos de luz coreografiados desde los c\u00f3cteles al atardecer hasta los sets nocturnos. <\/p>\n\n\n\n<h2 class=\"wp-block-heading has-large-font-size\">Casas y villas privadas<\/h2>\n\n\n\n<p>Lleva el audio de nivel profesional y la iluminaci\u00f3n personalizada a tu casa: sistemas de altavoces integrados para varias habitaciones, subwoofers ocultos, control inteligente de la iluminaci\u00f3n dom\u00e9stica y paisajes sonoros envolventes para exteriores. Disfruta de un rendimiento impecable tanto si celebras una reuni\u00f3n junto a la piscina como si te relajas en el sal\u00f3n. <\/p>\n<\/div>\n\n\n\n<div class=\"wp-block-column is-vertically-aligned-center is-layout-flow wp-block-column-is-layout-flow\" style=\"flex-basis:50%\">\n<figure class=\"wp-block-image size-full is-resized has-custom-border\"><img decoding=\"async\" width=\"891\" height=\"664\" src=\"https:\/\/whitesoundibiza.com\/wp-content\/uploads\/2024\/03\/Captura-de-pantalla-2024-03-13-a-las-17.43.09.png\" alt=\"\" class=\"wp-image-1385\" style=\"border-radius:0px;width:637px;height:auto\" srcset=\"https:\/\/whitesoundibiza.com\/wp-content\/uploads\/2024\/03\/Captura-de-pantalla-2024-03-13-a-las-17.43.09.png 891w, https:\/\/whitesoundibiza.com\/wp-content\/uploads\/2024\/03\/Captura-de-pantalla-2024-03-13-a-las-17.43.09-700x522.png 700w, https:\/\/whitesoundibiza.com\/wp-content\/uploads\/2024\/03\/Captura-de-pantalla-2024-03-13-a-las-17.43.09-300x224.png 300w, https:\/\/whitesoundibiza.com\/wp-content\/uploads\/2024\/03\/Captura-de-pantalla-2024-03-13-a-las-17.43.09-768x572.png 768w\" sizes=\"(max-width: 891px) 100vw, 891px\" \/><\/figure>\n<\/div>\n<\/div>\n<\/div>\n<\/div>\n\n<div class=\"wp-block-columns alignwide are-vertically-aligned-top is-layout-flex wp-container-core-columns-is-layout-87beb0d0 wp-block-columns-is-layout-flex\">\n<div class=\"wp-block-column is-vertically-aligned-top is-layout-flow wp-container-core-column-is-layout-8a368f38 wp-block-column-is-layout-flow\">\n<div class=\"wp-block-group is-layout-constrained wp-block-group-is-layout-constrained\" style=\"padding-top:0;padding-bottom:0\">\n<h3 class=\"wp-block-heading has-color-4-background-color has-background has-medium-font-size\" style=\"font-style:normal;font-weight:700\">QU\u00c9 INCLUYE<\/h3>\n\n\n\n<ul class=\"wp-block-list\">\n<li><strong>Dise\u00f1o de sistemas personalizados<\/strong> (disposiciones arquitect\u00f3nicas de altavoces, trazados de iluminaci\u00f3n DMX)<\/li>\n\n\n\n<li><strong>Equipo Premium<\/strong> (Electro-Voice, D&amp;B, Yamaha, Midas, Philips, Chauvet)<\/li>\n\n\n\n<li><strong>Instalaci\u00f3n profesional<\/strong> (tendido de cables, ocultaci\u00f3n, impermeabilizaci\u00f3n)<\/li>\n\n\n\n<li><strong>Integraci\u00f3n de control<\/strong> (paneles murales, aplicaci\u00f3n m\u00f3vil, compatibilidad con smart-home)<\/li>\n\n\n\n<li><strong>Puesta en marcha y formaci\u00f3n<\/strong> (recorrido, manuales de usuario, demostraci\u00f3n pr\u00e1ctica)<\/li>\n\n\n\n<li><strong>Asistencia posventa<\/strong> (garant\u00eda, planes de mantenimiento, actualizaciones de firmware)<\/li>\n<\/ul>\n<\/div>\n\n\n\n<div style=\"height:56px\" aria-hidden=\"true\" class=\"wp-block-spacer\"><\/div>\n<\/div>\n\n\n\n<div class=\"wp-block-column is-vertically-aligned-top is-layout-flow wp-container-core-column-is-layout-8a368f38 wp-block-column-is-layout-flow\">\n<div class=\"wp-block-group is-layout-constrained wp-block-group-is-layout-constrained\">\n<h3 class=\"wp-block-heading has-color-4-background-color has-background has-medium-font-size\" style=\"font-style:normal;font-weight:700\">C\u00d3MO FUNCIONA<\/h3>\n\n\n\n<ul class=\"wp-block-list\">\n<li><strong>Consulta y encuesta<\/strong><\/li>\n\n\n\n<li>Visitamos tu local para comprender la disposici\u00f3n, la decoraci\u00f3n y las necesidades t\u00e9cnicas.<\/li>\n\n\n\n<li><strong>Propuesta y renders 3D<\/strong><\/li>\n\n\n\n<li>Recibir\u00e1s un paquete de dise\u00f1o detallado con la lista de equipos, im\u00e1genes y presupuesto.<\/li>\n\n\n\n<li><strong>Instalaci\u00f3n y configuraci\u00f3n<\/strong><\/li>\n\n\n\n<li>Nuestros t\u00e9cnicos certificados se encargan de todo, desde el cableado hasta la calibraci\u00f3n del sistema.<\/li>\n\n\n\n<li><strong>Formaci\u00f3n de usuarios y entrega<\/strong><\/li>\n\n\n\n<li>Te ense\u00f1amos a controlar zonas de sonido y escenas de iluminaci\u00f3n mediante paneles o apps.<\/li>\n\n\n\n<li><strong>Apoyo continuo<\/strong><\/li>\n\n\n\n<li>Disfruta de tranquilidad con el mantenimiento programado y el servicio prioritario.<\/li>\n<\/ul>\n<\/div>\n<\/div>\n<\/div>\n\n<div class=\"wp-block-columns alignwide is-layout-flex wp-container-core-columns-is-layout-28f84493 wp-block-columns-is-layout-flex\">\n<div class=\"wp-block-column is-layout-flow wp-block-column-is-layout-flow\">\n<p>\u00bfEst\u00e1s listo para elevar tu espacio con una instalaci\u00f3n audiovisual permanente y a medida? <strong>Ponte en contacto con nosotros hoy mismo<\/strong> para una consulta y un presupuesto personalizados.<\/p>\n\n\n\n<h2 class=\"wp-block-heading\">Cu\u00e9ntanos tu proyecto<\/h2>\n\n\n<style id=\"wpforms-css-vars-46875-block-3c52b233-0110-4532-8f09-db096907ca01\">\n\t\t\t\t#wpforms-46875.wpforms-block-3c52b233-0110-4532-8f09-db096907ca01 {\n\t\t\t\t--wpforms-label-color: #181c1c;\n--wpforms-label-sublabel-color: #636c6c;\n--wpforms-label-error-color: #d63636;\n--wpforms-page-break-color: #348180;\n--wpforms-field-border-color: #9ea3a3;\n--wpforms-field-border-color-spare: #9ea3a3;\n--wpforms-field-text-color: #181c1c;\n--wpforms-container-border-radius: 0px;\n--wpforms-button-border-style: solid;\n--wpforms-button-border-size: 0px;\n--wpforms-button-border-radius: 5px;\n--wpforms-button-background-color: #333333;\n--wpforms-button-text-color: #FFFFFF;\n--wpforms-button-border-color: #348180;\n--wpforms-field-size-input-height: 43px;\n--wpforms-field-size-input-spacing: 15px;\n--wpforms-field-size-font-size: 16px;\n--wpforms-field-size-line-height: 19px;\n--wpforms-field-size-padding-h: 14px;\n--wpforms-field-size-checkbox-size: 16px;\n--wpforms-field-size-sublabel-spacing: 5px;\n--wpforms-field-size-icon-size: 1;\n--wpforms-label-size-font-size: 16px;\n--wpforms-label-size-line-height: 19px;\n--wpforms-label-size-sublabel-font-size: 14px;\n--wpforms-label-size-sublabel-line-height: 17px;\n--wpforms-button-size-font-size: 17px;\n--wpforms-button-size-height: 41px;\n--wpforms-button-size-padding-h: 15px;\n--wpforms-button-size-margin-top: 10px;\n--wpforms-container-shadow-size-box-shadow: none;\n\t\t\t}\n\t\t\t<\/style><div class=\"wpforms-container wpforms-container-full wpforms-block wpforms-block-3c52b233-0110-4532-8f09-db096907ca01 wpforms-render-modern\" id=\"wpforms-46875\"><form id=\"wpforms-form-46875\" class=\"wpforms-validate wpforms-form wpforms-ajax-form\" data-formid=\"46875\" method=\"post\" enctype=\"multipart\/form-data\" action=\"\/es\/wp-json\/wp\/v2\/pages\/48335\" data-token=\"19ac1a426e31ef807b54d899715e926f\" data-token-time=\"1776761005\"><noscript class=\"wpforms-error-noscript\">Por favor, activa JavaScript en tu navegador para completar este formulario.<\/noscript><div id=\"wpforms-error-noscript\" style=\"display: none;\">Por favor, activa JavaScript en tu navegador para completar este formulario.<\/div><div class=\"wpforms-field-container\">\t\t<div id=\"wpforms-46875-field_4-container\"\n\t\t\tclass=\"wpforms-field wpforms-field-text\"\n\t\t\tdata-field-type=\"text\"\n\t\t\tdata-field-id=\"4\"\n\t\t\t>\n\t\t\t<label class=\"wpforms-field-label\" for=\"wpforms-46875-field_4\" >Tel\u00e9fono Dise\u00f1o Email<\/label>\n\t\t\t<input type=\"text\" id=\"wpforms-46875-field_4\" class=\"wpforms-field-medium\" name=\"wpforms[fields][4]\" >\n\t\t<\/div>\n\t\t<div id=\"wpforms-46875-field_1-container\" class=\"wpforms-field wpforms-field-name\" data-field-id=\"1\"><fieldset><legend class=\"wpforms-field-label\">Name <span class=\"wpforms-required-label\" aria-hidden=\"true\">*<\/span><\/legend><div class=\"wpforms-field-row wpforms-field-medium\"><div class=\"wpforms-field-row-block wpforms-first wpforms-one-half\"><input type=\"text\" id=\"wpforms-46875-field_1\" class=\"wpforms-field-name-first wpforms-field-required\" name=\"wpforms[fields][1][first]\" placeholder=\"First\" aria-errormessage=\"wpforms-46875-field_1-error\" required><label for=\"wpforms-46875-field_1\" class=\"wpforms-field-sublabel after wpforms-sublabel-hide\">First<\/label><\/div><div class=\"wpforms-field-row-block wpforms-one-half\"><input type=\"text\" id=\"wpforms-46875-field_1-last\" class=\"wpforms-field-name-last wpforms-field-required\" name=\"wpforms[fields][1][last]\" placeholder=\"Last\" aria-errormessage=\"wpforms-46875-field_1-last-error\" required><label for=\"wpforms-46875-field_1-last\" class=\"wpforms-field-sublabel after wpforms-sublabel-hide\">Last<\/label><\/div><\/div><\/fieldset><\/div><div id=\"wpforms-46875-field_8-container\" class=\"wpforms-field wpforms-field-layout\" data-field-id=\"8\"><div class=\"wpforms-field-layout-rows wpforms-field-large\"><div class=\"wpforms-layout-row\"><div class=\"wpforms-layout-column wpforms-layout-column-50\"><div id=\"wpforms-46875-field_2-container\" class=\"wpforms-field wpforms-field-email\" data-field-id=\"2\"><label class=\"wpforms-field-label\" for=\"wpforms-46875-field_2\">Email <span class=\"wpforms-required-label\" aria-hidden=\"true\">*<\/span><\/label><input type=\"email\" id=\"wpforms-46875-field_2\" class=\"wpforms-field-medium wpforms-field-required\" name=\"wpforms[fields][2]\" placeholder=\"Email\" spellcheck=\"false\" aria-errormessage=\"wpforms-46875-field_2-error\" required><\/div><\/div><div class=\"wpforms-layout-column wpforms-layout-column-50\"><div id=\"wpforms-46875-field_7-container\" class=\"wpforms-field wpforms-field-phone\" data-field-id=\"7\"><label class=\"wpforms-field-label\" for=\"wpforms-46875-field_7\">Tel\u00e9fono<\/label><input type=\"tel\" id=\"wpforms-46875-field_7\" class=\"wpforms-field-small wpforms-smart-phone-field\" data-rule-smart-phone-field=\"true\" name=\"wpforms[fields][7]\" placeholder=\"Phone\" aria-label=\"Tel\u00e9fono\" aria-errormessage=\"wpforms-46875-field_7-error\" ><\/div><\/div><\/div><\/div><\/div><div id=\"wpforms-46875-field_3-container\" class=\"wpforms-field wpforms-field-textarea\" data-field-id=\"3\"><label class=\"wpforms-field-label\" for=\"wpforms-46875-field_3\">Message<\/label><textarea id=\"wpforms-46875-field_3\" class=\"wpforms-field-small\" name=\"wpforms[fields][3]\" placeholder=\"Message\" aria-errormessage=\"wpforms-46875-field_3-error\" >How we can help you?<\/textarea><\/div><script>\n\t\t\t\t( function() {\n\t\t\t\t\tconst style = document.createElement( 'style' );\n\t\t\t\t\tstyle.appendChild( document.createTextNode( '#wpforms-46875-field_4-container { position: absolute !important; overflow: hidden !important; display: inline !important; height: 1px !important; width: 1px !important; z-index: -1000 !important; padding: 0 !important; } #wpforms-46875-field_4-container input { visibility: hidden; } #wpforms-conversational-form-page #wpforms-46875-field_4-container label { counter-increment: none; }' ) );\n\t\t\t\t\tdocument.head.appendChild( style );\n\t\t\t\t\tdocument.currentScript?.remove();\n\t\t\t\t} )();\n\t\t\t<\/script><\/div><!-- .wpforms-field-container --><div class=\"wpforms-recaptcha-container wpforms-is-recaptcha wpforms-is-recaptcha-type-v2\" ><div class=\"g-recaptcha\" data-sitekey=\"6LeS7gEkAAAAAO-EsXRwxTakHs6Q_9Z0rQYHkIS5\"><\/div><input type=\"text\" name=\"g-recaptcha-hidden\" class=\"wpforms-recaptcha-hidden\" style=\"position:absolute!important;clip:rect(0,0,0,0)!important;height:1px!important;width:1px!important;border:0!important;overflow:hidden!important;padding:0!important;margin:0!important;\" data-rule-recaptcha=\"1\"><\/div><div class=\"wpforms-submit-container\" ><input type=\"hidden\" name=\"wpforms[id]\" value=\"46875\"><input type=\"hidden\" name=\"page_title\" value=\"\"><input type=\"hidden\" name=\"page_url\" value=\"https:\/\/whitesoundibiza.com\/es\/wp-json\/wp\/v2\/pages\/48335\"><input type=\"hidden\" name=\"url_referer\" value=\"\"><button type=\"submit\" name=\"wpforms[submit]\" id=\"wpforms-submit-46875\" class=\"wpforms-submit\" data-alt-text=\"Sending...\" data-submit-text=\"Send Message\" aria-live=\"assertive\" value=\"wpforms-submit\">Send Message<\/button><img decoding=\"async\" src=\"https:\/\/whitesoundibiza.com\/wp-content\/plugins\/wpforms\/assets\/images\/submit-spin.svg\" class=\"wpforms-submit-spinner\" style=\"display: none;\" width=\"26\" height=\"26\" alt=\"Cargando\"><\/div><\/form><\/div>  <!-- .wpforms-container --><\/div>\n<\/div>\n","protected":false},"excerpt":{"rendered":"<p>Instalaciones fijas &#8211; Sonido e iluminaci\u00f3n profesionales Transforma permanentemente restaurantes, clubes de playa y residencias privadas de toda Ibiza con sistemas audiovisuales dise\u00f1ados por expertos [&hellip;]<\/p>\n","protected":false},"author":1,"featured_media":0,"parent":0,"menu_order":0,"comment_status":"closed","ping_status":"closed","template":"","meta":{"_joinchat":[],"footnotes":""},"class_list":["post-48335","page","type-page","status-publish","hentry"],"yoast_head":"<!-- This site is optimized with the Yoast SEO plugin v27.4 - https:\/\/yoast.com\/product\/yoast-seo-wordpress\/ -->\n<title>Instalaciones - White Sound Ibiza - Delivering Fun<\/title>\n<meta name=\"robots\" content=\"index, follow, max-snippet:-1, max-image-preview:large, max-video-preview:-1\" \/>\n<link rel=\"canonical\" href=\"https:\/\/whitesoundibiza.com\/es\/instalaciones\/\" \/>\n<meta property=\"og:locale\" content=\"es_ES\" \/>\n<meta property=\"og:type\" content=\"article\" \/>\n<meta property=\"og:title\" content=\"Instalaciones - White Sound Ibiza - Delivering Fun\" \/>\n<meta property=\"og:description\" content=\"Instalaciones fijas &#8211; Sonido e iluminaci\u00f3n profesionales Transforma permanentemente restaurantes, clubes de playa y residencias privadas de toda Ibiza con sistemas audiovisuales dise\u00f1ados por expertos [&hellip;]\" \/>\n<meta property=\"og:url\" content=\"https:\/\/whitesoundibiza.com\/es\/instalaciones\/\" \/>\n<meta property=\"og:site_name\" content=\"White Sound Ibiza - Delivering Fun\" \/>\n<meta property=\"article:modified_time\" content=\"2025-07-04T15:33:21+00:00\" \/>\n<meta property=\"og:image\" content=\"https:\/\/whitesoundibiza.com\/wp-content\/uploads\/2024\/03\/Captura-de-pantalla-2024-03-13-a-las-17.43.09.png\" \/>\n\t<meta property=\"og:image:width\" content=\"891\" \/>\n\t<meta property=\"og:image:height\" content=\"664\" \/>\n\t<meta property=\"og:image:type\" content=\"image\/png\" \/>\n<meta name=\"twitter:card\" content=\"summary_large_image\" \/>\n<meta name=\"twitter:label1\" content=\"Tiempo de lectura\" \/>\n\t<meta name=\"twitter:data1\" content=\"2 minutos\" \/>\n<script type=\"application\/ld+json\" class=\"yoast-schema-graph\">{\"@context\":\"https:\\\/\\\/schema.org\",\"@graph\":[{\"@type\":\"WebPage\",\"@id\":\"https:\\\/\\\/whitesoundibiza.com\\\/es\\\/instalaciones\\\/\",\"url\":\"https:\\\/\\\/whitesoundibiza.com\\\/es\\\/instalaciones\\\/\",\"name\":\"Instalaciones - White Sound Ibiza - Delivering Fun\",\"isPartOf\":{\"@id\":\"https:\\\/\\\/whitesoundibiza.com\\\/es\\\/#website\"},\"primaryImageOfPage\":{\"@id\":\"https:\\\/\\\/whitesoundibiza.com\\\/es\\\/instalaciones\\\/#primaryimage\"},\"image\":{\"@id\":\"https:\\\/\\\/whitesoundibiza.com\\\/es\\\/instalaciones\\\/#primaryimage\"},\"thumbnailUrl\":\"https:\\\/\\\/whitesoundibiza.com\\\/wp-content\\\/uploads\\\/2024\\\/03\\\/Captura-de-pantalla-2024-03-13-a-las-17.43.09.png\",\"datePublished\":\"2024-03-13T16:08:53+00:00\",\"dateModified\":\"2025-07-04T15:33:21+00:00\",\"breadcrumb\":{\"@id\":\"https:\\\/\\\/whitesoundibiza.com\\\/es\\\/instalaciones\\\/#breadcrumb\"},\"inLanguage\":\"es\",\"potentialAction\":[{\"@type\":\"ReadAction\",\"target\":[\"https:\\\/\\\/whitesoundibiza.com\\\/es\\\/instalaciones\\\/\"]}]},{\"@type\":\"ImageObject\",\"inLanguage\":\"es\",\"@id\":\"https:\\\/\\\/whitesoundibiza.com\\\/es\\\/instalaciones\\\/#primaryimage\",\"url\":\"https:\\\/\\\/whitesoundibiza.com\\\/wp-content\\\/uploads\\\/2024\\\/03\\\/Captura-de-pantalla-2024-03-13-a-las-17.43.09.png\",\"contentUrl\":\"https:\\\/\\\/whitesoundibiza.com\\\/wp-content\\\/uploads\\\/2024\\\/03\\\/Captura-de-pantalla-2024-03-13-a-las-17.43.09.png\"},{\"@type\":\"BreadcrumbList\",\"@id\":\"https:\\\/\\\/whitesoundibiza.com\\\/es\\\/instalaciones\\\/#breadcrumb\",\"itemListElement\":[{\"@type\":\"ListItem\",\"position\":1,\"name\":\"Portada\",\"item\":\"https:\\\/\\\/whitesoundibiza.com\\\/es\\\/\"},{\"@type\":\"ListItem\",\"position\":2,\"name\":\"Instalaciones\"}]},{\"@type\":\"WebSite\",\"@id\":\"https:\\\/\\\/whitesoundibiza.com\\\/es\\\/#website\",\"url\":\"https:\\\/\\\/whitesoundibiza.com\\\/es\\\/\",\"name\":\"White Sound Ibiza\",\"description\":\"Rent Speakers in Ibiza\",\"publisher\":{\"@id\":\"https:\\\/\\\/whitesoundibiza.com\\\/es\\\/#organization\"},\"potentialAction\":[{\"@type\":\"SearchAction\",\"target\":{\"@type\":\"EntryPoint\",\"urlTemplate\":\"https:\\\/\\\/whitesoundibiza.com\\\/es\\\/?s={search_term_string}\"},\"query-input\":{\"@type\":\"PropertyValueSpecification\",\"valueRequired\":true,\"valueName\":\"search_term_string\"}}],\"inLanguage\":\"es\"},{\"@type\":\"Organization\",\"@id\":\"https:\\\/\\\/whitesoundibiza.com\\\/es\\\/#organization\",\"name\":\"White Sound Ibiza\",\"url\":\"https:\\\/\\\/whitesoundibiza.com\\\/es\\\/\",\"logo\":{\"@type\":\"ImageObject\",\"inLanguage\":\"es\",\"@id\":\"https:\\\/\\\/whitesoundibiza.com\\\/es\\\/#\\\/schema\\\/logo\\\/image\\\/\",\"url\":\"https:\\\/\\\/whitesoundibiza.com\\\/wp-content\\\/uploads\\\/2025\\\/05\\\/ws_logo.jpg\",\"contentUrl\":\"https:\\\/\\\/whitesoundibiza.com\\\/wp-content\\\/uploads\\\/2025\\\/05\\\/ws_logo.jpg\",\"width\":800,\"height\":235,\"caption\":\"White Sound Ibiza\"},\"image\":{\"@id\":\"https:\\\/\\\/whitesoundibiza.com\\\/es\\\/#\\\/schema\\\/logo\\\/image\\\/\"}}]}<\/script>\n<!-- \/ Yoast SEO plugin. -->","yoast_head_json":{"title":"Instalaciones - White Sound Ibiza - Delivering Fun","robots":{"index":"index","follow":"follow","max-snippet":"max-snippet:-1","max-image-preview":"max-image-preview:large","max-video-preview":"max-video-preview:-1"},"canonical":"https:\/\/whitesoundibiza.com\/es\/instalaciones\/","og_locale":"es_ES","og_type":"article","og_title":"Instalaciones - White Sound Ibiza - Delivering Fun","og_description":"Instalaciones fijas &#8211; Sonido e iluminaci\u00f3n profesionales Transforma permanentemente restaurantes, clubes de playa y residencias privadas de toda Ibiza con sistemas audiovisuales dise\u00f1ados por expertos [&hellip;]","og_url":"https:\/\/whitesoundibiza.com\/es\/instalaciones\/","og_site_name":"White Sound Ibiza - Delivering Fun","article_modified_time":"2025-07-04T15:33:21+00:00","og_image":[{"width":891,"height":664,"url":"https:\/\/whitesoundibiza.com\/wp-content\/uploads\/2024\/03\/Captura-de-pantalla-2024-03-13-a-las-17.43.09.png","type":"image\/png"}],"twitter_card":"summary_large_image","twitter_misc":{"Tiempo de lectura":"2 minutos"},"schema":{"@context":"https:\/\/schema.org","@graph":[{"@type":"WebPage","@id":"https:\/\/whitesoundibiza.com\/es\/instalaciones\/","url":"https:\/\/whitesoundibiza.com\/es\/instalaciones\/","name":"Instalaciones - White Sound Ibiza - Delivering Fun","isPartOf":{"@id":"https:\/\/whitesoundibiza.com\/es\/#website"},"primaryImageOfPage":{"@id":"https:\/\/whitesoundibiza.com\/es\/instalaciones\/#primaryimage"},"image":{"@id":"https:\/\/whitesoundibiza.com\/es\/instalaciones\/#primaryimage"},"thumbnailUrl":"https:\/\/whitesoundibiza.com\/wp-content\/uploads\/2024\/03\/Captura-de-pantalla-2024-03-13-a-las-17.43.09.png","datePublished":"2024-03-13T16:08:53+00:00","dateModified":"2025-07-04T15:33:21+00:00","breadcrumb":{"@id":"https:\/\/whitesoundibiza.com\/es\/instalaciones\/#breadcrumb"},"inLanguage":"es","potentialAction":[{"@type":"ReadAction","target":["https:\/\/whitesoundibiza.com\/es\/instalaciones\/"]}]},{"@type":"ImageObject","inLanguage":"es","@id":"https:\/\/whitesoundibiza.com\/es\/instalaciones\/#primaryimage","url":"https:\/\/whitesoundibiza.com\/wp-content\/uploads\/2024\/03\/Captura-de-pantalla-2024-03-13-a-las-17.43.09.png","contentUrl":"https:\/\/whitesoundibiza.com\/wp-content\/uploads\/2024\/03\/Captura-de-pantalla-2024-03-13-a-las-17.43.09.png"},{"@type":"BreadcrumbList","@id":"https:\/\/whitesoundibiza.com\/es\/instalaciones\/#breadcrumb","itemListElement":[{"@type":"ListItem","position":1,"name":"Portada","item":"https:\/\/whitesoundibiza.com\/es\/"},{"@type":"ListItem","position":2,"name":"Instalaciones"}]},{"@type":"WebSite","@id":"https:\/\/whitesoundibiza.com\/es\/#website","url":"https:\/\/whitesoundibiza.com\/es\/","name":"White Sound Ibiza","description":"Rent Speakers in Ibiza","publisher":{"@id":"https:\/\/whitesoundibiza.com\/es\/#organization"},"potentialAction":[{"@type":"SearchAction","target":{"@type":"EntryPoint","urlTemplate":"https:\/\/whitesoundibiza.com\/es\/?s={search_term_string}"},"query-input":{"@type":"PropertyValueSpecification","valueRequired":true,"valueName":"search_term_string"}}],"inLanguage":"es"},{"@type":"Organization","@id":"https:\/\/whitesoundibiza.com\/es\/#organization","name":"White Sound Ibiza","url":"https:\/\/whitesoundibiza.com\/es\/","logo":{"@type":"ImageObject","inLanguage":"es","@id":"https:\/\/whitesoundibiza.com\/es\/#\/schema\/logo\/image\/","url":"https:\/\/whitesoundibiza.com\/wp-content\/uploads\/2025\/05\/ws_logo.jpg","contentUrl":"https:\/\/whitesoundibiza.com\/wp-content\/uploads\/2025\/05\/ws_logo.jpg","width":800,"height":235,"caption":"White Sound Ibiza"},"image":{"@id":"https:\/\/whitesoundibiza.com\/es\/#\/schema\/logo\/image\/"}}]}},"_links":{"self":[{"href":"https:\/\/whitesoundibiza.com\/es\/wp-json\/wp\/v2\/pages\/48335","targetHints":{"allow":["GET"]}}],"collection":[{"href":"https:\/\/whitesoundibiza.com\/es\/wp-json\/wp\/v2\/pages"}],"about":[{"href":"https:\/\/whitesoundibiza.com\/es\/wp-json\/wp\/v2\/types\/page"}],"author":[{"embeddable":true,"href":"https:\/\/whitesoundibiza.com\/es\/wp-json\/wp\/v2\/users\/1"}],"replies":[{"embeddable":true,"href":"https:\/\/whitesoundibiza.com\/es\/wp-json\/wp\/v2\/comments?post=48335"}],"version-history":[{"count":0,"href":"https:\/\/whitesoundibiza.com\/es\/wp-json\/wp\/v2\/pages\/48335\/revisions"}],"wp:attachment":[{"href":"https:\/\/whitesoundibiza.com\/es\/wp-json\/wp\/v2\/media?parent=48335"}],"curies":[{"name":"wp","href":"https:\/\/api.w.org\/{rel}","templated":true}]}}