{"id":48330,"date":"2025-02-11T04:37:05","date_gmt":"2025-02-11T04:37:05","guid":{"rendered":"https:\/\/whitesoundibiza.com\/politica-de-cookies\/"},"modified":"2025-05-16T13:56:41","modified_gmt":"2025-05-16T13:56:41","slug":"politica-de-cookies","status":"publish","type":"page","link":"https:\/\/whitesoundibiza.com\/es\/politica-de-cookies\/","title":{"rendered":"Pol\u00edtica de cookies"},"content":{"rendered":"\n<h2 class=\"wp-block-heading\">Pol\u00edtica de cookies<\/h2>\n\n<p>La direcci\u00f3n de nuestro sitio web es: https:\/\/www.whitesoundibiza.com.<\/p>\n\n<p><strong>1. Introducci\u00f3n<\/strong><br\/>Este sitio web utiliza cookies y tecnolog\u00edas similares para mejorar la experiencia del usuario, analizar el tr\u00e1fico y personalizar el contenido. Al continuar navegando, aceptas el uso de estas cookies, a menos que configures tu navegador para bloquearlas. <\/p>\n\n<p><strong>2. \u00bfQu\u00e9 son las cookies?<\/strong><br\/>Las cookies son peque\u00f1os archivos de texto que los sitios web almacenan en tu dispositivo para recordar informaci\u00f3n sobre tu visita, como preferencias y ajustes.<\/p>\n\n<p><strong>3. Tipos de cookies que utilizamos<\/strong><\/p>\n\n<ol start=\"1\" class=\"wp-block-list\">\n<li><strong>Cookies necesarias<\/strong>: Permiten el funcionamiento del sitio web y no se pueden desactivar.<\/li>\n\n\n\n<li><strong>Cookies anal\u00edticas<\/strong>: Nos ayudan a comprender c\u00f3mo interact\u00faan los usuarios con nuestro sitio web (por ejemplo, Google Analytics).<\/li>\n\n\n\n<li><strong>Cookies publicitarias<\/strong>: Utilizadas para ofrecer anuncios relevantes a los usuarios.<\/li>\n\n\n\n<li><strong>Cookies de personalizaci\u00f3n<\/strong>: Almacenan preferencias de idioma, ajustes de dise\u00f1o y otras personalizaciones.<\/li>\n<\/ol>\n\n<p><strong>4. Gesti\u00f3n de las cookies<\/strong><br\/>Puedes aceptar, rechazar o configurar las cookies a trav\u00e9s del banner de configuraci\u00f3n de nuestro sitio web. Adem\u00e1s, puedes eliminarlas o bloquearlas desde la configuraci\u00f3n de tu navegador: <\/p>\n\n<ul class=\"wp-block-list\">\n<li><a>Google Chrome<\/a><\/li>\n\n\n\n<li><a href=\"https:\/\/support.mozilla.org\/en-US\/kb\/clear-cookies-and-site-data-firefox\">Mozilla Firefox<\/a><\/li>\n\n\n\n<li><a href=\"https:\/\/support.microsoft.com\/en-us\/help\/4027947\/microsoft-edge-delete-cookies\">Microsoft Edge<\/a><\/li>\n\n\n\n<li><a href=\"https:\/\/support.apple.com\/en-us\/guide\/safari\/sfri11471\/mac\">Safari<\/a><\/li>\n<\/ul>\n\n<p><strong>5. Cambios en la pol\u00edtica de cookies<\/strong><br\/>Podemos actualizar esta pol\u00edtica para reflejar cambios en el uso de cookies. Cualquier modificaci\u00f3n se publicar\u00e1 en esta p\u00e1gina. <\/p>\n\n<p><strong>6. Contacto<\/strong><br\/>Si tienes alguna duda sobre nuestra pol\u00edtica de cookies, puedes ponerte en contacto con nosotros en <a>info@wsibiza.com.<\/a><\/p>\n","protected":false},"excerpt":{"rendered":"<p>Pol\u00edtica de cookies La direcci\u00f3n de nuestro sitio web es: https:\/\/www.whitesoundibiza.com. 1. Introducci\u00f3nEste sitio web utiliza cookies y tecnolog\u00edas similares para mejorar la experiencia del [&hellip;]<\/p>\n","protected":false},"author":1,"featured_media":0,"parent":0,"menu_order":0,"comment_status":"closed","ping_status":"closed","template":"","meta":{"_joinchat":[],"footnotes":""},"class_list":["post-48330","page","type-page","status-publish","hentry"],"yoast_head":"<!-- This site is optimized with the Yoast SEO plugin v27.4 - https:\/\/yoast.com\/product\/yoast-seo-wordpress\/ -->\n<title>Pol\u00edtica de cookies - White Sound Ibiza - Delivering Fun<\/title>\n<meta name=\"robots\" content=\"index, follow, max-snippet:-1, max-image-preview:large, max-video-preview:-1\" \/>\n<link rel=\"canonical\" href=\"https:\/\/whitesoundibiza.com\/es\/politica-de-cookies\/\" \/>\n<meta property=\"og:locale\" content=\"es_ES\" \/>\n<meta property=\"og:type\" content=\"article\" \/>\n<meta property=\"og:title\" content=\"Pol\u00edtica de cookies - White Sound Ibiza - Delivering Fun\" \/>\n<meta property=\"og:description\" content=\"Pol\u00edtica de cookies La direcci\u00f3n de nuestro sitio web es: https:\/\/www.whitesoundibiza.com. 1. Introducci\u00f3nEste sitio web utiliza cookies y tecnolog\u00edas similares para mejorar la experiencia del [&hellip;]\" \/>\n<meta property=\"og:url\" content=\"https:\/\/whitesoundibiza.com\/es\/politica-de-cookies\/\" \/>\n<meta property=\"og:site_name\" content=\"White Sound Ibiza - Delivering Fun\" \/>\n<meta property=\"article:modified_time\" content=\"2025-05-16T13:56:41+00:00\" \/>\n<meta name=\"twitter:card\" content=\"summary_large_image\" \/>\n<meta name=\"twitter:label1\" content=\"Tiempo de lectura\" \/>\n\t<meta name=\"twitter:data1\" content=\"1 minuto\" \/>\n<script type=\"application\/ld+json\" class=\"yoast-schema-graph\">{\"@context\":\"https:\\\/\\\/schema.org\",\"@graph\":[{\"@type\":\"WebPage\",\"@id\":\"https:\\\/\\\/whitesoundibiza.com\\\/es\\\/politica-de-cookies\\\/\",\"url\":\"https:\\\/\\\/whitesoundibiza.com\\\/es\\\/politica-de-cookies\\\/\",\"name\":\"Pol\u00edtica de cookies - White Sound Ibiza - Delivering Fun\",\"isPartOf\":{\"@id\":\"https:\\\/\\\/whitesoundibiza.com\\\/es\\\/#website\"},\"datePublished\":\"2025-02-11T04:37:05+00:00\",\"dateModified\":\"2025-05-16T13:56:41+00:00\",\"breadcrumb\":{\"@id\":\"https:\\\/\\\/whitesoundibiza.com\\\/es\\\/politica-de-cookies\\\/#breadcrumb\"},\"inLanguage\":\"es\",\"potentialAction\":[{\"@type\":\"ReadAction\",\"target\":[\"https:\\\/\\\/whitesoundibiza.com\\\/es\\\/politica-de-cookies\\\/\"]}]},{\"@type\":\"BreadcrumbList\",\"@id\":\"https:\\\/\\\/whitesoundibiza.com\\\/es\\\/politica-de-cookies\\\/#breadcrumb\",\"itemListElement\":[{\"@type\":\"ListItem\",\"position\":1,\"name\":\"Portada\",\"item\":\"https:\\\/\\\/whitesoundibiza.com\\\/es\\\/\"},{\"@type\":\"ListItem\",\"position\":2,\"name\":\"Pol\u00edtica de cookies\"}]},{\"@type\":\"WebSite\",\"@id\":\"https:\\\/\\\/whitesoundibiza.com\\\/es\\\/#website\",\"url\":\"https:\\\/\\\/whitesoundibiza.com\\\/es\\\/\",\"name\":\"White Sound Ibiza\",\"description\":\"Rent Speakers in Ibiza\",\"publisher\":{\"@id\":\"https:\\\/\\\/whitesoundibiza.com\\\/es\\\/#organization\"},\"potentialAction\":[{\"@type\":\"SearchAction\",\"target\":{\"@type\":\"EntryPoint\",\"urlTemplate\":\"https:\\\/\\\/whitesoundibiza.com\\\/es\\\/?s={search_term_string}\"},\"query-input\":{\"@type\":\"PropertyValueSpecification\",\"valueRequired\":true,\"valueName\":\"search_term_string\"}}],\"inLanguage\":\"es\"},{\"@type\":\"Organization\",\"@id\":\"https:\\\/\\\/whitesoundibiza.com\\\/es\\\/#organization\",\"name\":\"White Sound Ibiza\",\"url\":\"https:\\\/\\\/whitesoundibiza.com\\\/es\\\/\",\"logo\":{\"@type\":\"ImageObject\",\"inLanguage\":\"es\",\"@id\":\"https:\\\/\\\/whitesoundibiza.com\\\/es\\\/#\\\/schema\\\/logo\\\/image\\\/\",\"url\":\"https:\\\/\\\/whitesoundibiza.com\\\/wp-content\\\/uploads\\\/2025\\\/05\\\/ws_logo.jpg\",\"contentUrl\":\"https:\\\/\\\/whitesoundibiza.com\\\/wp-content\\\/uploads\\\/2025\\\/05\\\/ws_logo.jpg\",\"width\":800,\"height\":235,\"caption\":\"White Sound Ibiza\"},\"image\":{\"@id\":\"https:\\\/\\\/whitesoundibiza.com\\\/es\\\/#\\\/schema\\\/logo\\\/image\\\/\"}}]}<\/script>\n<!-- \/ Yoast SEO plugin. -->","yoast_head_json":{"title":"Pol\u00edtica de cookies - White Sound Ibiza - Delivering Fun","robots":{"index":"index","follow":"follow","max-snippet":"max-snippet:-1","max-image-preview":"max-image-preview:large","max-video-preview":"max-video-preview:-1"},"canonical":"https:\/\/whitesoundibiza.com\/es\/politica-de-cookies\/","og_locale":"es_ES","og_type":"article","og_title":"Pol\u00edtica de cookies - White Sound Ibiza - Delivering Fun","og_description":"Pol\u00edtica de cookies La direcci\u00f3n de nuestro sitio web es: https:\/\/www.whitesoundibiza.com. 1. Introducci\u00f3nEste sitio web utiliza cookies y tecnolog\u00edas similares para mejorar la experiencia del [&hellip;]","og_url":"https:\/\/whitesoundibiza.com\/es\/politica-de-cookies\/","og_site_name":"White Sound Ibiza - Delivering Fun","article_modified_time":"2025-05-16T13:56:41+00:00","twitter_card":"summary_large_image","twitter_misc":{"Tiempo de lectura":"1 minuto"},"schema":{"@context":"https:\/\/schema.org","@graph":[{"@type":"WebPage","@id":"https:\/\/whitesoundibiza.com\/es\/politica-de-cookies\/","url":"https:\/\/whitesoundibiza.com\/es\/politica-de-cookies\/","name":"Pol\u00edtica de cookies - White Sound Ibiza - Delivering Fun","isPartOf":{"@id":"https:\/\/whitesoundibiza.com\/es\/#website"},"datePublished":"2025-02-11T04:37:05+00:00","dateModified":"2025-05-16T13:56:41+00:00","breadcrumb":{"@id":"https:\/\/whitesoundibiza.com\/es\/politica-de-cookies\/#breadcrumb"},"inLanguage":"es","potentialAction":[{"@type":"ReadAction","target":["https:\/\/whitesoundibiza.com\/es\/politica-de-cookies\/"]}]},{"@type":"BreadcrumbList","@id":"https:\/\/whitesoundibiza.com\/es\/politica-de-cookies\/#breadcrumb","itemListElement":[{"@type":"ListItem","position":1,"name":"Portada","item":"https:\/\/whitesoundibiza.com\/es\/"},{"@type":"ListItem","position":2,"name":"Pol\u00edtica de cookies"}]},{"@type":"WebSite","@id":"https:\/\/whitesoundibiza.com\/es\/#website","url":"https:\/\/whitesoundibiza.com\/es\/","name":"White Sound Ibiza","description":"Rent Speakers in Ibiza","publisher":{"@id":"https:\/\/whitesoundibiza.com\/es\/#organization"},"potentialAction":[{"@type":"SearchAction","target":{"@type":"EntryPoint","urlTemplate":"https:\/\/whitesoundibiza.com\/es\/?s={search_term_string}"},"query-input":{"@type":"PropertyValueSpecification","valueRequired":true,"valueName":"search_term_string"}}],"inLanguage":"es"},{"@type":"Organization","@id":"https:\/\/whitesoundibiza.com\/es\/#organization","name":"White Sound Ibiza","url":"https:\/\/whitesoundibiza.com\/es\/","logo":{"@type":"ImageObject","inLanguage":"es","@id":"https:\/\/whitesoundibiza.com\/es\/#\/schema\/logo\/image\/","url":"https:\/\/whitesoundibiza.com\/wp-content\/uploads\/2025\/05\/ws_logo.jpg","contentUrl":"https:\/\/whitesoundibiza.com\/wp-content\/uploads\/2025\/05\/ws_logo.jpg","width":800,"height":235,"caption":"White Sound Ibiza"},"image":{"@id":"https:\/\/whitesoundibiza.com\/es\/#\/schema\/logo\/image\/"}}]}},"_links":{"self":[{"href":"https:\/\/whitesoundibiza.com\/es\/wp-json\/wp\/v2\/pages\/48330","targetHints":{"allow":["GET"]}}],"collection":[{"href":"https:\/\/whitesoundibiza.com\/es\/wp-json\/wp\/v2\/pages"}],"about":[{"href":"https:\/\/whitesoundibiza.com\/es\/wp-json\/wp\/v2\/types\/page"}],"author":[{"embeddable":true,"href":"https:\/\/whitesoundibiza.com\/es\/wp-json\/wp\/v2\/users\/1"}],"replies":[{"embeddable":true,"href":"https:\/\/whitesoundibiza.com\/es\/wp-json\/wp\/v2\/comments?post=48330"}],"version-history":[{"count":0,"href":"https:\/\/whitesoundibiza.com\/es\/wp-json\/wp\/v2\/pages\/48330\/revisions"}],"wp:attachment":[{"href":"https:\/\/whitesoundibiza.com\/es\/wp-json\/wp\/v2\/media?parent=48330"}],"curies":[{"name":"wp","href":"https:\/\/api.w.org\/{rel}","templated":true}]}}