{"id":48327,"date":"2025-02-11T12:17:15","date_gmt":"2025-02-11T12:17:15","guid":{"rendered":"https:\/\/whitesoundibiza.com\/aviso-legal\/"},"modified":"2025-05-16T13:56:41","modified_gmt":"2025-05-16T13:56:41","slug":"aviso-legal","status":"publish","type":"page","link":"https:\/\/whitesoundibiza.com\/es\/aviso-legal\/","title":{"rendered":"Aviso legal"},"content":{"rendered":"\n<h2 class=\"wp-block-heading\">Aviso legal<\/h2>\n\n<p><strong>1. Identificaci\u00f3n de la empresa<\/strong><br\/>En cumplimiento de la Ley 34\/2002, de 11 de julio, de Servicios de la Sociedad de la Informaci\u00f3n y Comercio Electr\u00f3nico (LSSI-CE), se facilita la siguiente informaci\u00f3n:<\/p>\n\n<ul class=\"wp-block-list\">\n<li><strong>Empresa<\/strong>: IBIZA BLANCO CONCEPTO SL<\/li>\n\n\n\n<li><strong>CIF\/NIF<\/strong>: B56271042<\/li>\n\n\n\n<li><strong>Direcci\u00f3n<\/strong>: Av. Doctor Flemin 64, Ibiza <\/li>\n\n\n\n<li><strong>Correo electr\u00f3nico<\/strong>: <a>info@wsibiza.com<\/a><\/li>\n<\/ul>\n\n<p><strong>2. Condiciones de uso<\/strong><br\/>El acceso y utilizaci\u00f3n de este sitio web atribuye la condici\u00f3n de usuario, implicando la aceptaci\u00f3n plena y sin reservas de las condiciones contenidas en el presente Aviso Legal. El usuario se compromete a hacer un uso adecuado del sitio web y de sus contenidos, absteni\u00e9ndose de incurrir en actividades il\u00edcitas o contrarias a la normativa vigente. <\/p>\n\n<p><strong>3. Propiedad Intelectual e Industrial<\/strong><br\/>Todos los contenidos del sitio web (textos, im\u00e1genes, logotipos, dise\u00f1os, etc.) est\u00e1n protegidos por derechos de propiedad intelectual e industrial y pertenecen a WHITE IBIZA CONCEPT SL o a terceros autorizados. Queda prohibida su reproducci\u00f3n, distribuci\u00f3n o modificaci\u00f3n sin autorizaci\u00f3n expresa. <\/p>\n\n<p><strong>4. Responsabilidad<\/strong><br\/>WHITE IBIZA CONCEPT SL no se hace responsable por los da\u00f1os y perjuicios derivados del mal uso del sitio web, de errores en los contenidos, o de la falta temporal de disponibilidad del sitio. Asimismo, no se hace responsable de los enlaces de terceros que pudieran aparecer en la p\u00e1gina, ya que no ejerce control sobre los mismos. <\/p>\n\n<p><strong>5. Ley Aplicable y Jurisdicci\u00f3n<\/strong><br\/>El presente Aviso Legal se rige por la ley espa\u00f1ola. Para la resoluci\u00f3n de cualquier conflicto que pueda derivarse del acceso o la utilizaci\u00f3n del sitio web, ambas partes se someten a los juzgados y tribunales de Baleares. <\/p>\n\n<p><strong>6. Contacto<\/strong><br\/>Para cualquier pregunta relacionada con este Aviso Legal, puedes ponerte en contacto con nosotros en <a><strong>info@wsibiza.com<\/strong><\/a>.<\/p>\n","protected":false},"excerpt":{"rendered":"<p>Aviso legal 1. Identificaci\u00f3n de la empresaEn cumplimiento de la Ley 34\/2002, de 11 de julio, de Servicios de la Sociedad de la Informaci\u00f3n y [&hellip;]<\/p>\n","protected":false},"author":1,"featured_media":0,"parent":0,"menu_order":0,"comment_status":"closed","ping_status":"closed","template":"","meta":{"_joinchat":[],"footnotes":""},"class_list":["post-48327","page","type-page","status-publish","hentry"],"yoast_head":"<!-- This site is optimized with the Yoast SEO plugin v27.4 - https:\/\/yoast.com\/product\/yoast-seo-wordpress\/ -->\n<title>Aviso legal - White Sound Ibiza - Delivering Fun<\/title>\n<meta name=\"robots\" content=\"index, follow, max-snippet:-1, max-image-preview:large, max-video-preview:-1\" \/>\n<link rel=\"canonical\" href=\"https:\/\/whitesoundibiza.com\/es\/aviso-legal\/\" \/>\n<meta property=\"og:locale\" content=\"es_ES\" \/>\n<meta property=\"og:type\" content=\"article\" \/>\n<meta property=\"og:title\" content=\"Aviso legal - White Sound Ibiza - Delivering Fun\" \/>\n<meta property=\"og:description\" content=\"Aviso legal 1. Identificaci\u00f3n de la empresaEn cumplimiento de la Ley 34\/2002, de 11 de julio, de Servicios de la Sociedad de la Informaci\u00f3n y [&hellip;]\" \/>\n<meta property=\"og:url\" content=\"https:\/\/whitesoundibiza.com\/es\/aviso-legal\/\" \/>\n<meta property=\"og:site_name\" content=\"White Sound Ibiza - Delivering Fun\" \/>\n<meta property=\"article:modified_time\" content=\"2025-05-16T13:56:41+00:00\" \/>\n<meta name=\"twitter:card\" content=\"summary_large_image\" \/>\n<meta name=\"twitter:label1\" content=\"Tiempo de lectura\" \/>\n\t<meta name=\"twitter:data1\" content=\"1 minuto\" \/>\n<script type=\"application\/ld+json\" class=\"yoast-schema-graph\">{\"@context\":\"https:\\\/\\\/schema.org\",\"@graph\":[{\"@type\":\"WebPage\",\"@id\":\"https:\\\/\\\/whitesoundibiza.com\\\/es\\\/aviso-legal\\\/\",\"url\":\"https:\\\/\\\/whitesoundibiza.com\\\/es\\\/aviso-legal\\\/\",\"name\":\"Aviso legal - White Sound Ibiza - Delivering Fun\",\"isPartOf\":{\"@id\":\"https:\\\/\\\/whitesoundibiza.com\\\/es\\\/#website\"},\"datePublished\":\"2025-02-11T12:17:15+00:00\",\"dateModified\":\"2025-05-16T13:56:41+00:00\",\"breadcrumb\":{\"@id\":\"https:\\\/\\\/whitesoundibiza.com\\\/es\\\/aviso-legal\\\/#breadcrumb\"},\"inLanguage\":\"es\",\"potentialAction\":[{\"@type\":\"ReadAction\",\"target\":[\"https:\\\/\\\/whitesoundibiza.com\\\/es\\\/aviso-legal\\\/\"]}]},{\"@type\":\"BreadcrumbList\",\"@id\":\"https:\\\/\\\/whitesoundibiza.com\\\/es\\\/aviso-legal\\\/#breadcrumb\",\"itemListElement\":[{\"@type\":\"ListItem\",\"position\":1,\"name\":\"Portada\",\"item\":\"https:\\\/\\\/whitesoundibiza.com\\\/es\\\/\"},{\"@type\":\"ListItem\",\"position\":2,\"name\":\"Aviso legal\"}]},{\"@type\":\"WebSite\",\"@id\":\"https:\\\/\\\/whitesoundibiza.com\\\/es\\\/#website\",\"url\":\"https:\\\/\\\/whitesoundibiza.com\\\/es\\\/\",\"name\":\"White Sound Ibiza\",\"description\":\"Rent Speakers in Ibiza\",\"publisher\":{\"@id\":\"https:\\\/\\\/whitesoundibiza.com\\\/es\\\/#organization\"},\"potentialAction\":[{\"@type\":\"SearchAction\",\"target\":{\"@type\":\"EntryPoint\",\"urlTemplate\":\"https:\\\/\\\/whitesoundibiza.com\\\/es\\\/?s={search_term_string}\"},\"query-input\":{\"@type\":\"PropertyValueSpecification\",\"valueRequired\":true,\"valueName\":\"search_term_string\"}}],\"inLanguage\":\"es\"},{\"@type\":\"Organization\",\"@id\":\"https:\\\/\\\/whitesoundibiza.com\\\/es\\\/#organization\",\"name\":\"White Sound Ibiza\",\"url\":\"https:\\\/\\\/whitesoundibiza.com\\\/es\\\/\",\"logo\":{\"@type\":\"ImageObject\",\"inLanguage\":\"es\",\"@id\":\"https:\\\/\\\/whitesoundibiza.com\\\/es\\\/#\\\/schema\\\/logo\\\/image\\\/\",\"url\":\"https:\\\/\\\/whitesoundibiza.com\\\/wp-content\\\/uploads\\\/2025\\\/05\\\/ws_logo.jpg\",\"contentUrl\":\"https:\\\/\\\/whitesoundibiza.com\\\/wp-content\\\/uploads\\\/2025\\\/05\\\/ws_logo.jpg\",\"width\":800,\"height\":235,\"caption\":\"White Sound Ibiza\"},\"image\":{\"@id\":\"https:\\\/\\\/whitesoundibiza.com\\\/es\\\/#\\\/schema\\\/logo\\\/image\\\/\"}}]}<\/script>\n<!-- \/ Yoast SEO plugin. -->","yoast_head_json":{"title":"Aviso legal - White Sound Ibiza - Delivering Fun","robots":{"index":"index","follow":"follow","max-snippet":"max-snippet:-1","max-image-preview":"max-image-preview:large","max-video-preview":"max-video-preview:-1"},"canonical":"https:\/\/whitesoundibiza.com\/es\/aviso-legal\/","og_locale":"es_ES","og_type":"article","og_title":"Aviso legal - White Sound Ibiza - Delivering Fun","og_description":"Aviso legal 1. Identificaci\u00f3n de la empresaEn cumplimiento de la Ley 34\/2002, de 11 de julio, de Servicios de la Sociedad de la Informaci\u00f3n y [&hellip;]","og_url":"https:\/\/whitesoundibiza.com\/es\/aviso-legal\/","og_site_name":"White Sound Ibiza - Delivering Fun","article_modified_time":"2025-05-16T13:56:41+00:00","twitter_card":"summary_large_image","twitter_misc":{"Tiempo de lectura":"1 minuto"},"schema":{"@context":"https:\/\/schema.org","@graph":[{"@type":"WebPage","@id":"https:\/\/whitesoundibiza.com\/es\/aviso-legal\/","url":"https:\/\/whitesoundibiza.com\/es\/aviso-legal\/","name":"Aviso legal - White Sound Ibiza - Delivering Fun","isPartOf":{"@id":"https:\/\/whitesoundibiza.com\/es\/#website"},"datePublished":"2025-02-11T12:17:15+00:00","dateModified":"2025-05-16T13:56:41+00:00","breadcrumb":{"@id":"https:\/\/whitesoundibiza.com\/es\/aviso-legal\/#breadcrumb"},"inLanguage":"es","potentialAction":[{"@type":"ReadAction","target":["https:\/\/whitesoundibiza.com\/es\/aviso-legal\/"]}]},{"@type":"BreadcrumbList","@id":"https:\/\/whitesoundibiza.com\/es\/aviso-legal\/#breadcrumb","itemListElement":[{"@type":"ListItem","position":1,"name":"Portada","item":"https:\/\/whitesoundibiza.com\/es\/"},{"@type":"ListItem","position":2,"name":"Aviso legal"}]},{"@type":"WebSite","@id":"https:\/\/whitesoundibiza.com\/es\/#website","url":"https:\/\/whitesoundibiza.com\/es\/","name":"White Sound Ibiza","description":"Rent Speakers in Ibiza","publisher":{"@id":"https:\/\/whitesoundibiza.com\/es\/#organization"},"potentialAction":[{"@type":"SearchAction","target":{"@type":"EntryPoint","urlTemplate":"https:\/\/whitesoundibiza.com\/es\/?s={search_term_string}"},"query-input":{"@type":"PropertyValueSpecification","valueRequired":true,"valueName":"search_term_string"}}],"inLanguage":"es"},{"@type":"Organization","@id":"https:\/\/whitesoundibiza.com\/es\/#organization","name":"White Sound Ibiza","url":"https:\/\/whitesoundibiza.com\/es\/","logo":{"@type":"ImageObject","inLanguage":"es","@id":"https:\/\/whitesoundibiza.com\/es\/#\/schema\/logo\/image\/","url":"https:\/\/whitesoundibiza.com\/wp-content\/uploads\/2025\/05\/ws_logo.jpg","contentUrl":"https:\/\/whitesoundibiza.com\/wp-content\/uploads\/2025\/05\/ws_logo.jpg","width":800,"height":235,"caption":"White Sound Ibiza"},"image":{"@id":"https:\/\/whitesoundibiza.com\/es\/#\/schema\/logo\/image\/"}}]}},"_links":{"self":[{"href":"https:\/\/whitesoundibiza.com\/es\/wp-json\/wp\/v2\/pages\/48327","targetHints":{"allow":["GET"]}}],"collection":[{"href":"https:\/\/whitesoundibiza.com\/es\/wp-json\/wp\/v2\/pages"}],"about":[{"href":"https:\/\/whitesoundibiza.com\/es\/wp-json\/wp\/v2\/types\/page"}],"author":[{"embeddable":true,"href":"https:\/\/whitesoundibiza.com\/es\/wp-json\/wp\/v2\/users\/1"}],"replies":[{"embeddable":true,"href":"https:\/\/whitesoundibiza.com\/es\/wp-json\/wp\/v2\/comments?post=48327"}],"version-history":[{"count":0,"href":"https:\/\/whitesoundibiza.com\/es\/wp-json\/wp\/v2\/pages\/48327\/revisions"}],"wp:attachment":[{"href":"https:\/\/whitesoundibiza.com\/es\/wp-json\/wp\/v2\/media?parent=48327"}],"curies":[{"name":"wp","href":"https:\/\/api.w.org\/{rel}","templated":true}]}}